{"id":521,"date":"2023-10-08T16:01:53","date_gmt":"2023-10-08T13:01:53","guid":{"rendered":"https:\/\/delphi.econtentsys.gr\/index.php\/parnasse-2\/"},"modified":"2023-10-18T11:36:57","modified_gmt":"2023-10-18T08:36:57","slug":"parnasse-2","status":"publish","type":"page","link":"https:\/\/delphi.econtentsys.gr\/index.php\/parnasse-2\/?lang=fr","title":{"rendered":"Parnasse"},"content":{"rendered":"\t\t<div data-elementor-type=\"wp-page\" data-elementor-id=\"521\" class=\"elementor elementor-521 elementor-503\" data-elementor-post-type=\"page\">\n\t\t\t\t\t\t\t<div class=\"elementor-element elementor-element-9827cfe e-flex e-con-boxed e-con e-parent\" data-id=\"9827cfe\" data-element_type=\"container\" data-settings=\"{&quot;content_width&quot;:&quot;boxed&quot;}\" data-core-v316-plus=\"true\">\n\t\t\t\t\t<div class=\"e-con-inner\">\n\t\t<div class=\"elementor-element elementor-element-5cc0d5a e-flex e-con-boxed e-con e-child\" data-id=\"5cc0d5a\" data-element_type=\"container\" data-settings=\"{&quot;background_background&quot;:&quot;classic&quot;,&quot;content_width&quot;:&quot;boxed&quot;}\">\n\t\t\t\t\t<div class=\"e-con-inner\">\n\t\t\t\t<div class=\"elementor-element elementor-element-bd4090f elementor-widget elementor-widget-image\" data-id=\"bd4090f\" data-element_type=\"widget\" data-widget_type=\"image.default\">\n\t\t\t\t<div class=\"elementor-widget-container\">\n\t\t\t<style>\/*! elementor - v3.16.0 - 09-10-2023 *\/\n.elementor-widget-image{text-align:center}.elementor-widget-image a{display:inline-block}.elementor-widget-image a img[src$=\".svg\"]{width:48px}.elementor-widget-image img{vertical-align:middle;display:inline-block}<\/style>\t\t\t\t\t\t\t\t\t\t\t\t<img loading=\"lazy\" decoding=\"async\" width=\"320\" height=\"213\" src=\"https:\/\/delphi.econtentsys.gr\/wp-content\/uploads\/2023\/10\/eptalofos.webp\" class=\"attachment-large size-large wp-image-584\" alt=\"eptalofos.webp\" srcset=\"https:\/\/delphi.econtentsys.gr\/wp-content\/uploads\/2023\/10\/eptalofos.webp 320w, https:\/\/delphi.econtentsys.gr\/wp-content\/uploads\/2023\/10\/eptalofos-300x200.webp 300w\" sizes=\"auto, (max-width: 320px) 100vw, 320px\" \/>\t\t\t\t\t\t\t\t\t\t\t\t\t\t\t<\/div>\n\t\t\t\t<\/div>\n\t\t\t\t<div class=\"elementor-element elementor-element-d73393b elementor-align-center elementor-widget elementor-widget-button\" data-id=\"d73393b\" data-element_type=\"widget\" data-widget_type=\"button.default\">\n\t\t\t\t<div class=\"elementor-widget-container\">\n\t\t\t\t\t<div class=\"elementor-button-wrapper\">\n\t\t\t<a class=\"elementor-button elementor-button-link elementor-size-sm\" href=\"https:\/\/delphi.econtentsys.gr\/index.php\/communaute-deptalofos-agoriani\/?lang=fr\">\n\t\t\t\t\t\t<span class=\"elementor-button-content-wrapper\">\n\t\t\t\t\t\t<span class=\"elementor-button-text\">Communaut\u00e9 Eptalofo - Agoriani<\/span>\n\t\t<\/span>\n\t\t\t\t\t<\/a>\n\t\t<\/div>\n\t\t\t\t<\/div>\n\t\t\t\t<\/div>\n\t\t\t\t\t<\/div>\n\t\t\t\t<\/div>\n\t\t<div class=\"elementor-element elementor-element-f46f8e2 e-flex e-con-boxed e-con e-child\" data-id=\"f46f8e2\" data-element_type=\"container\" data-settings=\"{&quot;background_background&quot;:&quot;classic&quot;,&quot;content_width&quot;:&quot;boxed&quot;}\">\n\t\t\t\t\t<div class=\"e-con-inner\">\n\t\t\t\t<div class=\"elementor-element elementor-element-b03d55a elementor-widget elementor-widget-image\" data-id=\"b03d55a\" data-element_type=\"widget\" data-widget_type=\"image.default\">\n\t\t\t\t<div class=\"elementor-widget-container\">\n\t\t\t\t\t\t\t\t\t\t\t\t\t\t\t<img loading=\"lazy\" decoding=\"async\" width=\"625\" height=\"417\" src=\"https:\/\/delphi.econtentsys.gr\/wp-content\/uploads\/2023\/10\/parnassos_Lilaias_village1-1-1024x683.webp\" class=\"attachment-large size-large wp-image-1048\" alt=\"parnassos_Lilaias_village1\" srcset=\"https:\/\/delphi.econtentsys.gr\/wp-content\/uploads\/2023\/10\/parnassos_Lilaias_village1-1-1024x683.webp 1024w, https:\/\/delphi.econtentsys.gr\/wp-content\/uploads\/2023\/10\/parnassos_Lilaias_village1-1-300x200.webp 300w, https:\/\/delphi.econtentsys.gr\/wp-content\/uploads\/2023\/10\/parnassos_Lilaias_village1-1-768x512.webp 768w, https:\/\/delphi.econtentsys.gr\/wp-content\/uploads\/2023\/10\/parnassos_Lilaias_village1-1-1536x1024.webp 1536w, https:\/\/delphi.econtentsys.gr\/wp-content\/uploads\/2023\/10\/parnassos_Lilaias_village1-1-624x416.webp 624w, https:\/\/delphi.econtentsys.gr\/wp-content\/uploads\/2023\/10\/parnassos_Lilaias_village1-1.webp 1920w\" sizes=\"auto, (max-width: 625px) 100vw, 625px\" \/>\t\t\t\t\t\t\t\t\t\t\t\t\t\t\t<\/div>\n\t\t\t\t<\/div>\n\t\t\t\t<div class=\"elementor-element elementor-element-f8bb693 elementor-align-center elementor-widget elementor-widget-button\" data-id=\"f8bb693\" data-element_type=\"widget\" data-widget_type=\"button.default\">\n\t\t\t\t<div class=\"elementor-widget-container\">\n\t\t\t\t\t<div class=\"elementor-button-wrapper\">\n\t\t\t<a class=\"elementor-button elementor-button-link elementor-size-sm\" href=\"https:\/\/delphi.econtentsys.gr\/index.php\/communaute-de-lilia-kato-agoriani\/?lang=fr\">\n\t\t\t\t\t\t<span class=\"elementor-button-content-wrapper\">\n\t\t\t\t\t\t<span class=\"elementor-button-text\">Communaut\u00e9 Lilaia<\/span>\n\t\t<\/span>\n\t\t\t\t\t<\/a>\n\t\t<\/div>\n\t\t\t\t<\/div>\n\t\t\t\t<\/div>\n\t\t\t\t\t<\/div>\n\t\t\t\t<\/div>\n\t\t<div class=\"elementor-element elementor-element-55c7a10 e-flex e-con-boxed e-con e-child\" data-id=\"55c7a10\" data-element_type=\"container\" data-settings=\"{&quot;background_background&quot;:&quot;classic&quot;,&quot;content_width&quot;:&quot;boxed&quot;}\">\n\t\t\t\t\t<div class=\"e-con-inner\">\n\t\t\t\t<div class=\"elementor-element elementor-element-0d72f84 elementor-widget elementor-widget-image\" data-id=\"0d72f84\" data-element_type=\"widget\" data-widget_type=\"image.default\">\n\t\t\t\t<div class=\"elementor-widget-container\">\n\t\t\t\t\t\t\t\t\t\t\t\t\t\t\t<img loading=\"lazy\" decoding=\"async\" width=\"334\" height=\"151\" src=\"https:\/\/delphi.econtentsys.gr\/wp-content\/uploads\/2023\/10\/polidrosos.webp\" class=\"attachment-large size-large wp-image-591\" alt=\"polidrosos.webp\" srcset=\"https:\/\/delphi.econtentsys.gr\/wp-content\/uploads\/2023\/10\/polidrosos.webp 334w, https:\/\/delphi.econtentsys.gr\/wp-content\/uploads\/2023\/10\/polidrosos-300x136.webp 300w\" sizes=\"auto, (max-width: 334px) 100vw, 334px\" \/>\t\t\t\t\t\t\t\t\t\t\t\t\t\t\t<\/div>\n\t\t\t\t<\/div>\n\t\t\t\t<div class=\"elementor-element elementor-element-ad7b058 elementor-align-center elementor-widget elementor-widget-button\" data-id=\"ad7b058\" data-element_type=\"widget\" data-widget_type=\"button.default\">\n\t\t\t\t<div class=\"elementor-widget-container\">\n\t\t\t\t\t<div class=\"elementor-button-wrapper\">\n\t\t\t<a class=\"elementor-button elementor-button-link elementor-size-sm\" href=\"https:\/\/delphi.econtentsys.gr\/index.php\/communaute-de-polydrosou\/?lang=fr\">\n\t\t\t\t\t\t<span class=\"elementor-button-content-wrapper\">\n\t\t\t\t\t\t<span class=\"elementor-button-text\">Communaut\u00e9 Polydrosso<\/span>\n\t\t<\/span>\n\t\t\t\t\t<\/a>\n\t\t<\/div>\n\t\t\t\t<\/div>\n\t\t\t\t<\/div>\n\t\t\t\t\t<\/div>\n\t\t\t\t<\/div>\n\t\t<div class=\"elementor-element elementor-element-d08dd3f e-flex e-con-boxed e-con e-child\" data-id=\"d08dd3f\" data-element_type=\"container\" data-settings=\"{&quot;background_background&quot;:&quot;classic&quot;,&quot;content_width&quot;:&quot;boxed&quot;}\">\n\t\t\t\t\t<div class=\"e-con-inner\">\n\t\t\t\t<div class=\"elementor-element elementor-element-14c654e elementor-widget elementor-widget-image\" data-id=\"14c654e\" data-element_type=\"widget\" data-widget_type=\"image.default\">\n\t\t\t\t<div class=\"elementor-widget-container\">\n\t\t\t\t\t\t\t\t\t\t\t\t\t\t\t<img loading=\"lazy\" decoding=\"async\" width=\"625\" height=\"335\" src=\"https:\/\/delphi.econtentsys.gr\/wp-content\/uploads\/2023\/10\/parnassos1-1024x549.webp\" class=\"attachment-large size-large wp-image-594\" alt=\"parnassos1\" srcset=\"https:\/\/delphi.econtentsys.gr\/wp-content\/uploads\/2023\/10\/parnassos1-1024x549.webp 1024w, https:\/\/delphi.econtentsys.gr\/wp-content\/uploads\/2023\/10\/parnassos1-300x161.webp 300w, https:\/\/delphi.econtentsys.gr\/wp-content\/uploads\/2023\/10\/parnassos1-768x411.webp 768w, https:\/\/delphi.econtentsys.gr\/wp-content\/uploads\/2023\/10\/parnassos1-624x334.webp 624w, https:\/\/delphi.econtentsys.gr\/wp-content\/uploads\/2023\/10\/parnassos1.webp 1120w\" sizes=\"auto, (max-width: 625px) 100vw, 625px\" \/>\t\t\t\t\t\t\t\t\t\t\t\t\t\t\t<\/div>\n\t\t\t\t<\/div>\n\t\t\t\t<div class=\"elementor-element elementor-element-17e0b2d elementor-align-center elementor-widget elementor-widget-button\" data-id=\"17e0b2d\" data-element_type=\"widget\" data-widget_type=\"button.default\">\n\t\t\t\t<div class=\"elementor-widget-container\">\n\t\t\t\t\t<div class=\"elementor-button-wrapper\">\n\t\t\t<a class=\"elementor-button elementor-button-link elementor-size-sm\" href=\"https:\/\/delphi.econtentsys.gr\/index.php\/station-de-ski-de-parnassos\/?lang=fr\">\n\t\t\t\t\t\t<span class=\"elementor-button-content-wrapper\">\n\t\t\t\t\t\t<span class=\"elementor-button-text\">Ski Parnasse<\/span>\n\t\t<\/span>\n\t\t\t\t\t<\/a>\n\t\t<\/div>\n\t\t\t\t<\/div>\n\t\t\t\t<\/div>\n\t\t\t\t\t<\/div>\n\t\t\t\t<\/div>\n\t\t\t\t\t<\/div>\n\t\t\t\t<\/div>\n\t\t\t\t\t\t\t<\/div>\n\t\t","protected":false},"excerpt":{"rendered":"<p>Communaut\u00e9 Eptalofo &#8211; Agoriani Communaut\u00e9 Lilaia Communaut\u00e9 Polydrosso Ski Parnasse<\/p>\n","protected":false},"author":1,"featured_media":0,"parent":0,"menu_order":0,"comment_status":"closed","ping_status":"closed","template":"","meta":{"_vp_format_video_url":"","_vp_image_focal_point":[],"footnotes":""},"class_list":["post-521","page","type-page","status-publish","hentry"],"_links":{"self":[{"href":"https:\/\/delphi.econtentsys.gr\/index.php\/wp-json\/wp\/v2\/pages\/521","targetHints":{"allow":["GET"]}}],"collection":[{"href":"https:\/\/delphi.econtentsys.gr\/index.php\/wp-json\/wp\/v2\/pages"}],"about":[{"href":"https:\/\/delphi.econtentsys.gr\/index.php\/wp-json\/wp\/v2\/types\/page"}],"author":[{"embeddable":true,"href":"https:\/\/delphi.econtentsys.gr\/index.php\/wp-json\/wp\/v2\/users\/1"}],"replies":[{"embeddable":true,"href":"https:\/\/delphi.econtentsys.gr\/index.php\/wp-json\/wp\/v2\/comments?post=521"}],"version-history":[{"count":5,"href":"https:\/\/delphi.econtentsys.gr\/index.php\/wp-json\/wp\/v2\/pages\/521\/revisions"}],"predecessor-version":[{"id":4255,"href":"https:\/\/delphi.econtentsys.gr\/index.php\/wp-json\/wp\/v2\/pages\/521\/revisions\/4255"}],"wp:attachment":[{"href":"https:\/\/delphi.econtentsys.gr\/index.php\/wp-json\/wp\/v2\/media?parent=521"}],"curies":[{"name":"wp","href":"https:\/\/api.w.org\/{rel}","templated":true}]}}