{"id":2370,"date":"2023-10-09T00:13:52","date_gmt":"2023-10-08T21:13:52","guid":{"rendered":"https:\/\/delphi.econtentsys.gr\/index.php\/histoire-de-lilaia\/"},"modified":"2023-10-14T18:28:10","modified_gmt":"2023-10-14T15:28:10","slug":"histoire-de-lilaia","status":"publish","type":"page","link":"https:\/\/delphi.econtentsys.gr\/index.php\/histoire-de-lilaia\/?lang=fr","title":{"rendered":"Histoire de Lilaia"},"content":{"rendered":"\t\t<div data-elementor-type=\"wp-page\" data-elementor-id=\"2370\" class=\"elementor elementor-2370 elementor-1586\" data-elementor-post-type=\"page\">\n\t\t\t\t\t\t\t<div class=\"elementor-element elementor-element-a5b5167 e-flex e-con-boxed e-con e-parent\" data-id=\"a5b5167\" data-element_type=\"container\" data-settings=\"{&quot;background_background&quot;:&quot;classic&quot;,&quot;content_width&quot;:&quot;boxed&quot;}\" data-core-v316-plus=\"true\">\n\t\t\t\t\t<div class=\"e-con-inner\">\n\t\t\t\t\t<\/div>\n\t\t\t\t<\/div>\n\t\t<div class=\"elementor-element elementor-element-7e250a2 e-flex e-con-boxed e-con e-parent\" data-id=\"7e250a2\" data-element_type=\"container\" data-settings=\"{&quot;content_width&quot;:&quot;boxed&quot;}\" data-core-v316-plus=\"true\">\n\t\t\t\t\t<div class=\"e-con-inner\">\n\t\t<div class=\"elementor-element elementor-element-65365df e-con-full e-flex e-con e-child\" data-id=\"65365df\" data-element_type=\"container\" data-settings=\"{&quot;content_width&quot;:&quot;full&quot;}\">\n\t\t\t\t<div class=\"elementor-element elementor-element-90c767d elementor-widget-mobile__width-auto elementor-widget elementor-widget-button\" data-id=\"90c767d\" data-element_type=\"widget\" data-widget_type=\"button.default\">\n\t\t\t\t<div class=\"elementor-widget-container\">\n\t\t\t\t\t<div class=\"elementor-button-wrapper\">\n\t\t\t<a class=\"elementor-button elementor-button-link elementor-size-sm\" href=\"https:\/\/delphi.econtentsys.gr\/index.php\/gallery-2\/%ce%ba%ce%bf%ce%b9%ce%bd%cf%8c%cf%84%ce%b7%cf%84%ce%b1-%ce%bb%ce%b9%ce%bb%ce%b1%ce%af%ce%b1%cf%82-%ce%ba%ce%ac%cf%84%cf%89-%ce%b1%ce%b3%cf%8c%cf%81%ce%b9%ce%b1%ce%bd%ce%b7%cf%82-%ce%b9%cf%83%cf%84\/\">\n\t\t\t\t\t\t<span class=\"elementor-button-content-wrapper\">\n\t\t\t\t\t\t<span class=\"elementor-button-text\">Photo Gallery<\/span>\n\t\t<\/span>\n\t\t\t\t\t<\/a>\n\t\t<\/div>\n\t\t\t\t<\/div>\n\t\t\t\t<\/div>\n\t\t\t\t<\/div>\n\t\t<div class=\"elementor-element elementor-element-336476e e-con-full e-flex e-con e-child\" data-id=\"336476e\" data-element_type=\"container\" data-settings=\"{&quot;content_width&quot;:&quot;full&quot;}\">\n\t\t\t\t<div class=\"elementor-element elementor-element-8b001c5 elementor-widget-mobile__width-auto elementor-widget elementor-widget-button\" data-id=\"8b001c5\" data-element_type=\"widget\" data-widget_type=\"button.default\">\n\t\t\t\t<div class=\"elementor-widget-container\">\n\t\t\t\t\t<div class=\"elementor-button-wrapper\">\n\t\t\t<a class=\"elementor-button elementor-button-link elementor-size-sm\" href=\"https:\/\/delphi.econtentsys.gr\/index.php\/videos-delphi\/?lang=fr\">\n\t\t\t\t\t\t<span class=\"elementor-button-content-wrapper\">\n\t\t\t\t\t\t<span class=\"elementor-button-text\">Video Gallery<\/span>\n\t\t<\/span>\n\t\t\t\t\t<\/a>\n\t\t<\/div>\n\t\t\t\t<\/div>\n\t\t\t\t<\/div>\n\t\t\t\t<\/div>\n\t\t\t\t\t<\/div>\n\t\t\t\t<\/div>\n\t\t<div class=\"elementor-element elementor-element-14d39941 e-flex e-con-boxed e-con e-parent\" data-id=\"14d39941\" data-element_type=\"container\" data-settings=\"{&quot;content_width&quot;:&quot;boxed&quot;}\" data-core-v316-plus=\"true\">\n\t\t\t\t\t<div class=\"e-con-inner\">\n\t\t\t\t<div class=\"elementor-element elementor-element-5ac7467d elementor-widget elementor-widget-text-editor\" data-id=\"5ac7467d\" data-element_type=\"widget\" data-widget_type=\"text-editor.default\">\n\t\t\t\t<div class=\"elementor-widget-container\">\n\t\t\t<style>\/*! elementor - v3.16.0 - 09-10-2023 *\/\n.elementor-widget-text-editor.elementor-drop-cap-view-stacked .elementor-drop-cap{background-color:#69727d;color:#fff}.elementor-widget-text-editor.elementor-drop-cap-view-framed .elementor-drop-cap{color:#69727d;border:3px solid;background-color:transparent}.elementor-widget-text-editor:not(.elementor-drop-cap-view-default) .elementor-drop-cap{margin-top:8px}.elementor-widget-text-editor:not(.elementor-drop-cap-view-default) .elementor-drop-cap-letter{width:1em;height:1em}.elementor-widget-text-editor .elementor-drop-cap{float:left;text-align:center;line-height:1;font-size:50px}.elementor-widget-text-editor .elementor-drop-cap-letter{display:inline-block}<\/style>\t\t\t\t<p>Dans la suite de Lilaia antique, \u00e0 la base des pentes nord du Parnasse, au milieu du vert de la v\u00e9g\u00e9tation naturelle et des jardins potagers, la vue portant sur la plaine du Kifissos. (55 mn de Delphes, 5 mn de Polydrossos). Lilaia est un village qui appartient administrativement \u00e0 la municipalit\u00e9 de Delphes. Il est construit \u00e0 une altitude de 330 m\u00e8tres dans le bassin de Kifisos pr\u00e8s du pied du Parnassos. Sa population selon le recensement de 2011 est de 332 habitants. Jusqu&#8217;en 1920, elle s&#8217;appelait Kato Agoriani, puis elle a \u00e9t\u00e9 rebaptis\u00e9e Lilaia en raison de l&#8217;ancienne ville phocienne de Lilaia qui se trouvait dans cette zone. Tout pr\u00e8s de Lilaia se trouvent les sources de Kifissos.    <br \/>Le village subit de grandes destructions de la part des envahisseurs allemands qui en octobre 1943 le br\u00fbl\u00e8rent presque enti\u00e8rement, \u00e0 l&#8217;occasion du rassemblement des pilotes am\u00e9ricains bless\u00e9s par les habitants du village et par les rebelles de l&#8217;ELAS.  <br \/>Sur les 160 maisons que comptait le village \u00e0 l&#8217;\u00e9poque, 150 ont \u00e9t\u00e9 incendi\u00e9es tandis qu&#8217;un total de 11 civils ont \u00e9t\u00e9 ex\u00e9cut\u00e9s.  <\/p>\n\t\t\t\t\t\t<\/div>\n\t\t\t\t<\/div>\n\t\t\t\t\t<\/div>\n\t\t\t\t<\/div>\n\t\t\t\t\t\t\t<\/div>\n\t\t","protected":false},"excerpt":{"rendered":"<p>Photo Gallery Video Gallery Dans la suite de Lilaia antique, \u00e0 la base des pentes nord du Parnasse, au milieu du vert de la v\u00e9g\u00e9tation naturelle et des jardins potagers, la vue portant sur la plaine du Kifissos. (55 mn de Delphes, 5 mn de Polydrossos). Lilaia est un village qui appartient administrativement \u00e0 la [&hellip;]<\/p>\n","protected":false},"author":1,"featured_media":0,"parent":0,"menu_order":0,"comment_status":"closed","ping_status":"closed","template":"","meta":{"_vp_format_video_url":"","_vp_image_focal_point":[],"footnotes":""},"class_list":["post-2370","page","type-page","status-publish","hentry"],"_links":{"self":[{"href":"https:\/\/delphi.econtentsys.gr\/index.php\/wp-json\/wp\/v2\/pages\/2370","targetHints":{"allow":["GET"]}}],"collection":[{"href":"https:\/\/delphi.econtentsys.gr\/index.php\/wp-json\/wp\/v2\/pages"}],"about":[{"href":"https:\/\/delphi.econtentsys.gr\/index.php\/wp-json\/wp\/v2\/types\/page"}],"author":[{"embeddable":true,"href":"https:\/\/delphi.econtentsys.gr\/index.php\/wp-json\/wp\/v2\/users\/1"}],"replies":[{"embeddable":true,"href":"https:\/\/delphi.econtentsys.gr\/index.php\/wp-json\/wp\/v2\/comments?post=2370"}],"version-history":[{"count":5,"href":"https:\/\/delphi.econtentsys.gr\/index.php\/wp-json\/wp\/v2\/pages\/2370\/revisions"}],"predecessor-version":[{"id":3749,"href":"https:\/\/delphi.econtentsys.gr\/index.php\/wp-json\/wp\/v2\/pages\/2370\/revisions\/3749"}],"wp:attachment":[{"href":"https:\/\/delphi.econtentsys.gr\/index.php\/wp-json\/wp\/v2\/media?parent=2370"}],"curies":[{"name":"wp","href":"https:\/\/api.w.org\/{rel}","templated":true}]}}