{"id":1739,"date":"2023-10-09T00:15:32","date_gmt":"2023-10-08T21:15:32","guid":{"rendered":"https:\/\/delphi.econtentsys.gr\/index.php\/acropole-de-lilaia-antique\/"},"modified":"2023-10-14T18:43:10","modified_gmt":"2023-10-14T15:43:10","slug":"acropole-de-lilaia-antique","status":"publish","type":"page","link":"https:\/\/delphi.econtentsys.gr\/index.php\/acropole-de-lilaia-antique\/?lang=fr","title":{"rendered":"Acropole de Lilaia antique"},"content":{"rendered":"\t\t<div data-elementor-type=\"wp-page\" data-elementor-id=\"1739\" class=\"elementor elementor-1739 elementor-1591\" data-elementor-post-type=\"page\">\n\t\t\t\t\t\t\t<div class=\"elementor-element elementor-element-a5b5167 e-flex e-con-boxed e-con e-parent\" data-id=\"a5b5167\" data-element_type=\"container\" data-settings=\"{&quot;background_background&quot;:&quot;classic&quot;,&quot;content_width&quot;:&quot;boxed&quot;}\" data-core-v316-plus=\"true\">\n\t\t\t\t\t<div class=\"e-con-inner\">\n\t\t\t\t\t<\/div>\n\t\t\t\t<\/div>\n\t\t<div class=\"elementor-element elementor-element-14d39941 e-flex e-con-boxed e-con e-parent\" data-id=\"14d39941\" data-element_type=\"container\" data-settings=\"{&quot;content_width&quot;:&quot;boxed&quot;}\" data-core-v316-plus=\"true\">\n\t\t\t\t\t<div class=\"e-con-inner\">\n\t\t\t\t<div class=\"elementor-element elementor-element-5ccc1cc elementor-widget-mobile__width-auto elementor-align-center elementor-widget elementor-widget-button\" data-id=\"5ccc1cc\" data-element_type=\"widget\" data-widget_type=\"button.default\">\n\t\t\t\t<div class=\"elementor-widget-container\">\n\t\t\t\t\t<div class=\"elementor-button-wrapper\">\n\t\t\t<a class=\"elementor-button elementor-button-link elementor-size-sm\" href=\"https:\/\/delphi.econtentsys.gr\/index.php\/gallery-2\/%ce%bf%cf%87%cf%85%cf%81%cf%89%ce%bc%ce%b1%cf%84%ce%b9%ce%ba%cf%8c%cf%82-%cf%80%cf%8d%cf%81%ce%b3%ce%bf%cf%82-%cf%84%ce%b7%cf%82-%ce%b1%ce%ba%cf%81%cf%8c%cf%80%ce%bf%ce%bb%ce%b7%cf%82\/\">\n\t\t\t\t\t\t<span class=\"elementor-button-content-wrapper\">\n\t\t\t\t\t\t<span class=\"elementor-button-text\">Photo Gallery<\/span>\n\t\t<\/span>\n\t\t\t\t\t<\/a>\n\t\t<\/div>\n\t\t\t\t<\/div>\n\t\t\t\t<\/div>\n\t\t\t\t<div class=\"elementor-element elementor-element-5ac7467d elementor-widget elementor-widget-text-editor\" data-id=\"5ac7467d\" data-element_type=\"widget\" data-widget_type=\"text-editor.default\">\n\t\t\t\t<div class=\"elementor-widget-container\">\n\t\t\t<style>\/*! elementor - v3.16.0 - 09-10-2023 *\/\n.elementor-widget-text-editor.elementor-drop-cap-view-stacked .elementor-drop-cap{background-color:#69727d;color:#fff}.elementor-widget-text-editor.elementor-drop-cap-view-framed .elementor-drop-cap{color:#69727d;border:3px solid;background-color:transparent}.elementor-widget-text-editor:not(.elementor-drop-cap-view-default) .elementor-drop-cap{margin-top:8px}.elementor-widget-text-editor:not(.elementor-drop-cap-view-default) .elementor-drop-cap-letter{width:1em;height:1em}.elementor-widget-text-editor .elementor-drop-cap{float:left;text-align:center;line-height:1;font-size:50px}.elementor-widget-text-editor .elementor-drop-cap-letter{display:inline-block}<\/style>\t\t\t\t<p>L\u2019imposante fortification de Lilaia antique remonte au IV\u00e8me si\u00e8cle av. J.C. Les murs, \u00e9difi\u00e9s en appareil trap\u00e9zo\u00efdal, sont conserv\u00e9s jusqu\u2019\u00e0 une hauteur certaine. Ils sont renforc\u00e9s par intermittence par des tours orthogonales, dont la plus caract\u00e9ristique est la tour centrale qui, au sommet de l\u2019acropole, contr\u00f4lait visuellement toute la vall\u00e9e du cours sup\u00e9rieur du fleuve Kifissos. La fortification antique a subi en certains points des modifications et des ajouts \u00e0 l\u2019\u00e8re des Francs (XIII\u00e8me-XIV\u00e8me si\u00e8cles). Les traces d\u2019habitation de la r\u00e9gion datent de l\u2019\u00e8re proto helladique (3\u00e8me mill\u00e9naire av. J.C.). Apr\u00e8s la destruction, en 346 av. J.C., des cit\u00e9s phoc\u00e9ennes par le Roi de Mac\u00e9doine Philippe II, Lilaia fusionna avec la cit\u00e9 voisine d\u2019Erochos (\u00e0 la limite du village actuel de Polydrossos). Ses murs de fortifications furent sans doute \u00e9rig\u00e9s apr\u00e8s la p\u00e9riode de Philippe, lors de la r\u00e9novation des acropoles phoc\u00e9ennes, tandis que des vestiges d\u2019une fortification plus ancienne sont pr\u00e9serv\u00e9s au sommet de l\u2019acropole.<\/p>\n\t\t\t\t\t\t<\/div>\n\t\t\t\t<\/div>\n\t\t\t\t\t<\/div>\n\t\t\t\t<\/div>\n\t\t\t\t\t\t\t<\/div>\n\t\t","protected":false},"excerpt":{"rendered":"<p>Photo Gallery L\u2019imposante fortification de Lilaia antique remonte au IV\u00e8me si\u00e8cle av. J.C. Les murs, \u00e9difi\u00e9s en appareil trap\u00e9zo\u00efdal, sont conserv\u00e9s jusqu\u2019\u00e0 une hauteur certaine. Ils sont renforc\u00e9s par intermittence par des tours orthogonales, dont la plus caract\u00e9ristique est la tour centrale qui, au sommet de l\u2019acropole, contr\u00f4lait visuellement toute la vall\u00e9e du cours sup\u00e9rieur [&hellip;]<\/p>\n","protected":false},"author":1,"featured_media":0,"parent":0,"menu_order":0,"comment_status":"closed","ping_status":"closed","template":"","meta":{"_vp_format_video_url":"","_vp_image_focal_point":[],"footnotes":""},"class_list":["post-1739","page","type-page","status-publish","hentry"],"_links":{"self":[{"href":"https:\/\/delphi.econtentsys.gr\/index.php\/wp-json\/wp\/v2\/pages\/1739","targetHints":{"allow":["GET"]}}],"collection":[{"href":"https:\/\/delphi.econtentsys.gr\/index.php\/wp-json\/wp\/v2\/pages"}],"about":[{"href":"https:\/\/delphi.econtentsys.gr\/index.php\/wp-json\/wp\/v2\/types\/page"}],"author":[{"embeddable":true,"href":"https:\/\/delphi.econtentsys.gr\/index.php\/wp-json\/wp\/v2\/users\/1"}],"replies":[{"embeddable":true,"href":"https:\/\/delphi.econtentsys.gr\/index.php\/wp-json\/wp\/v2\/comments?post=1739"}],"version-history":[{"count":3,"href":"https:\/\/delphi.econtentsys.gr\/index.php\/wp-json\/wp\/v2\/pages\/1739\/revisions"}],"predecessor-version":[{"id":3845,"href":"https:\/\/delphi.econtentsys.gr\/index.php\/wp-json\/wp\/v2\/pages\/1739\/revisions\/3845"}],"wp:attachment":[{"href":"https:\/\/delphi.econtentsys.gr\/index.php\/wp-json\/wp\/v2\/media?parent=1739"}],"curies":[{"name":"wp","href":"https:\/\/api.w.org\/{rel}","templated":true}]}}