{"id":1700,"date":"2023-10-09T01:20:13","date_gmt":"2023-10-08T22:20:13","guid":{"rendered":"https:\/\/delphi.econtentsys.gr\/index.php\/ancienne-eglise-chretienne-de-panagia-eleousis\/"},"modified":"2023-10-14T18:43:42","modified_gmt":"2023-10-14T15:43:42","slug":"ancienne-eglise-chretienne-de-panagia-eleousis","status":"publish","type":"page","link":"https:\/\/delphi.econtentsys.gr\/index.php\/ancienne-eglise-chretienne-de-panagia-eleousis\/?lang=fr","title":{"rendered":"Sainte Mis\u00e9ricorde (Aghia \u00c9l\u00e9oussa)"},"content":{"rendered":"\t\t<div data-elementor-type=\"wp-page\" data-elementor-id=\"1700\" class=\"elementor elementor-1700 elementor-1697\" data-elementor-post-type=\"page\">\n\t\t\t\t\t\t\t<div class=\"elementor-element elementor-element-a5b5167 e-flex e-con-boxed e-con e-parent\" data-id=\"a5b5167\" data-element_type=\"container\" data-settings=\"{&quot;background_background&quot;:&quot;classic&quot;,&quot;content_width&quot;:&quot;boxed&quot;}\" data-core-v316-plus=\"true\">\n\t\t\t\t\t<div class=\"e-con-inner\">\n\t\t\t\t\t<\/div>\n\t\t\t\t<\/div>\n\t\t<div class=\"elementor-element elementor-element-14d39941 e-flex e-con-boxed e-con e-parent\" data-id=\"14d39941\" data-element_type=\"container\" data-settings=\"{&quot;content_width&quot;:&quot;boxed&quot;}\" data-core-v316-plus=\"true\">\n\t\t\t\t\t<div class=\"e-con-inner\">\n\t\t\t\t<div class=\"elementor-element elementor-element-3f0369a elementor-widget-mobile__width-auto elementor-align-center elementor-widget elementor-widget-button\" data-id=\"3f0369a\" data-element_type=\"widget\" data-widget_type=\"button.default\">\n\t\t\t\t<div class=\"elementor-widget-container\">\n\t\t\t\t\t<div class=\"elementor-button-wrapper\">\n\t\t\t<a class=\"elementor-button elementor-button-link elementor-size-sm\" href=\"https:\/\/delphi.econtentsys.gr\/index.php\/gallery-2\/%cf%80%ce%b1%ce%bb%ce%b1%ce%b9%ce%bf%cf%87%cf%81%ce%b9%cf%83%cf%84%ce%b9%ce%b1%ce%bd%ce%b9%ce%ba%cf%8c%cf%82-%ce%bd%ce%b1%cf%8c%cf%82-%cf%84%ce%b7%cf%82-%cf%80%ce%b1%ce%bd%ce%b1%ce%b3%ce%af%ce%b1\/\">\n\t\t\t\t\t\t<span class=\"elementor-button-content-wrapper\">\n\t\t\t\t\t\t<span class=\"elementor-button-text\">Photo Gallery<\/span>\n\t\t<\/span>\n\t\t\t\t\t<\/a>\n\t\t<\/div>\n\t\t\t\t<\/div>\n\t\t\t\t<\/div>\n\t\t\t\t<div class=\"elementor-element elementor-element-5ac7467d elementor-widget elementor-widget-text-editor\" data-id=\"5ac7467d\" data-element_type=\"widget\" data-widget_type=\"text-editor.default\">\n\t\t\t\t<div class=\"elementor-widget-container\">\n\t\t\t<style>\/*! elementor - v3.16.0 - 09-10-2023 *\/\n.elementor-widget-text-editor.elementor-drop-cap-view-stacked .elementor-drop-cap{background-color:#69727d;color:#fff}.elementor-widget-text-editor.elementor-drop-cap-view-framed .elementor-drop-cap{color:#69727d;border:3px solid;background-color:transparent}.elementor-widget-text-editor:not(.elementor-drop-cap-view-default) .elementor-drop-cap{margin-top:8px}.elementor-widget-text-editor:not(.elementor-drop-cap-view-default) .elementor-drop-cap-letter{width:1em;height:1em}.elementor-widget-text-editor .elementor-drop-cap{float:left;text-align:center;line-height:1;font-size:50px}.elementor-widget-text-editor .elementor-drop-cap-letter{display:inline-block}<\/style>\t\t\t\t<p>L&#8217;\u0153uvre de Justinien de la fin du VIe si\u00e8cle. A.D. temple inscrit cruciforme apr\u00e8s le d\u00f4me. Il a \u00e9t\u00e9 \u00e9tudi\u00e9 dans les ann\u00e9es 1930 par le professeur Orlando. Il a \u00e9t\u00e9 partiellement restaur\u00e9, nettoy\u00e9 et \u00e9tudi\u00e9 en 1965 par l&#8217;arch\u00e9ologue Chariklia Barla. C&#8217;est le monument pal\u00e9ochr\u00e9tien le mieux conserv\u00e9 de la Gr\u00e8ce centrale et l&#8217;un des monuments les plus importants de cette p\u00e9riode dans toute la r\u00e9gion grecque. <br \/>Dans la r\u00e9gion de Liliaia-Polydrossos, dans les vall\u00e9es septentrionales de la Phocide, se trouvent aujourd\u2019hui les sources les plus riches du fleuve Kifissos. Pr\u00e8s de la source de Sainte Mis\u00e9ricorde (\u00ab Aghia \u00c9l\u00e9oussa \u00bb en grec) \u00e0 Polydrossos, les habitants de Liliaia ont am\u00e9nag\u00e9 un lieu cultuel o\u00f9 ils adoraient le fleuve dieu et lui offraient de riches ex-voto. Sur ce site, sont pr\u00e9serv\u00e9s les fondations et certains \u00e9l\u00e9ments architecturaux d\u2019une fontaine, ainsi qu\u2019un imposant mur de sout\u00e8nement sur lequel s\u2019appuyait le temple d\u00e9di\u00e9 au fleuve. Ces constructions cultuelles furent remplac\u00e9es, \u00e0 l\u2019\u00e8re protobyzantine, par les \u00e9glises de Saint Christophore (Aghios Christophoros) et Sainte Mis\u00e9ricorde (Aghia \u00c9l\u00e9oussa) pour la construction desquelles une large part du mat\u00e9riau antique fut r\u00e9utilis\u00e9. Le site des sources constitue aujourd\u2019hui l\u2019un des plus jolis points de calme et de d\u00e9tente de la terre de Delphes.   <\/p>\n\t\t\t\t\t\t<\/div>\n\t\t\t\t<\/div>\n\t\t\t\t\t<\/div>\n\t\t\t\t<\/div>\n\t\t\t\t\t\t\t<\/div>\n\t\t","protected":false},"excerpt":{"rendered":"<p>Photo Gallery L&#8217;\u0153uvre de Justinien de la fin du VIe si\u00e8cle. A.D. temple inscrit cruciforme apr\u00e8s le d\u00f4me. Il a \u00e9t\u00e9 \u00e9tudi\u00e9 dans les ann\u00e9es 1930 par le professeur Orlando. Il a \u00e9t\u00e9 partiellement restaur\u00e9, nettoy\u00e9 et \u00e9tudi\u00e9 en 1965 par l&#8217;arch\u00e9ologue Chariklia Barla. C&#8217;est le monument pal\u00e9ochr\u00e9tien le mieux conserv\u00e9 de la Gr\u00e8ce centrale [&hellip;]<\/p>\n","protected":false},"author":1,"featured_media":0,"parent":0,"menu_order":0,"comment_status":"closed","ping_status":"closed","template":"","meta":{"_vp_format_video_url":"","_vp_image_focal_point":[],"footnotes":""},"class_list":["post-1700","page","type-page","status-publish","hentry"],"_links":{"self":[{"href":"https:\/\/delphi.econtentsys.gr\/index.php\/wp-json\/wp\/v2\/pages\/1700","targetHints":{"allow":["GET"]}}],"collection":[{"href":"https:\/\/delphi.econtentsys.gr\/index.php\/wp-json\/wp\/v2\/pages"}],"about":[{"href":"https:\/\/delphi.econtentsys.gr\/index.php\/wp-json\/wp\/v2\/types\/page"}],"author":[{"embeddable":true,"href":"https:\/\/delphi.econtentsys.gr\/index.php\/wp-json\/wp\/v2\/users\/1"}],"replies":[{"embeddable":true,"href":"https:\/\/delphi.econtentsys.gr\/index.php\/wp-json\/wp\/v2\/comments?post=1700"}],"version-history":[{"count":6,"href":"https:\/\/delphi.econtentsys.gr\/index.php\/wp-json\/wp\/v2\/pages\/1700\/revisions"}],"predecessor-version":[{"id":3855,"href":"https:\/\/delphi.econtentsys.gr\/index.php\/wp-json\/wp\/v2\/pages\/1700\/revisions\/3855"}],"wp:attachment":[{"href":"https:\/\/delphi.econtentsys.gr\/index.php\/wp-json\/wp\/v2\/media?parent=1700"}],"curies":[{"name":"wp","href":"https:\/\/api.w.org\/{rel}","templated":true}]}}