{"id":1695,"date":"2023-10-09T01:19:33","date_gmt":"2023-10-08T22:19:33","guid":{"rendered":"https:\/\/delphi.econtentsys.gr\/index.php\/sources-du-kifissos-phoceen-2\/"},"modified":"2023-10-14T18:42:49","modified_gmt":"2023-10-14T15:42:49","slug":"sources-du-kifissos-phoceen-2","status":"publish","type":"page","link":"https:\/\/delphi.econtentsys.gr\/index.php\/sources-du-kifissos-phoceen-2\/?lang=fr","title":{"rendered":"Sources de Fokiko Kifisos"},"content":{"rendered":"\t\t<div data-elementor-type=\"wp-page\" data-elementor-id=\"1695\" class=\"elementor elementor-1695 elementor-1691\" data-elementor-post-type=\"page\">\n\t\t\t\t\t\t\t<div class=\"elementor-element elementor-element-a5b5167 e-flex e-con-boxed e-con e-parent\" data-id=\"a5b5167\" data-element_type=\"container\" data-settings=\"{&quot;background_background&quot;:&quot;classic&quot;,&quot;content_width&quot;:&quot;boxed&quot;}\" data-core-v316-plus=\"true\">\n\t\t\t\t\t<div class=\"e-con-inner\">\n\t\t\t\t\t<\/div>\n\t\t\t\t<\/div>\n\t\t<div class=\"elementor-element elementor-element-14d39941 e-flex e-con-boxed e-con e-parent\" data-id=\"14d39941\" data-element_type=\"container\" data-settings=\"{&quot;content_width&quot;:&quot;boxed&quot;}\" data-core-v316-plus=\"true\">\n\t\t\t\t\t<div class=\"e-con-inner\">\n\t\t\t\t<div class=\"elementor-element elementor-element-b800339 elementor-widget-mobile__width-auto elementor-align-center elementor-widget elementor-widget-button\" data-id=\"b800339\" data-element_type=\"widget\" data-widget_type=\"button.default\">\n\t\t\t\t<div class=\"elementor-widget-container\">\n\t\t\t\t\t<div class=\"elementor-button-wrapper\">\n\t\t\t<a class=\"elementor-button elementor-button-link elementor-size-sm\" href=\"https:\/\/delphi.econtentsys.gr\/index.php\/gallery-2\/%cf%80%ce%b7%ce%b3%ce%ad%cf%82-%cf%84%ce%bf%cf%85-%cf%86%cf%89%ce%ba%ce%b9%ce%ba%ce%bf%cf%8d-%ce%ba%ce%b7%cf%86%ce%b9%cf%83%ce%bf%cf%8d\/\">\n\t\t\t\t\t\t<span class=\"elementor-button-content-wrapper\">\n\t\t\t\t\t\t<span class=\"elementor-button-text\">Photo Gallery<\/span>\n\t\t<\/span>\n\t\t\t\t\t<\/a>\n\t\t<\/div>\n\t\t\t\t<\/div>\n\t\t\t\t<\/div>\n\t\t\t\t<div class=\"elementor-element elementor-element-5ac7467d elementor-widget elementor-widget-text-editor\" data-id=\"5ac7467d\" data-element_type=\"widget\" data-widget_type=\"text-editor.default\">\n\t\t\t\t<div class=\"elementor-widget-container\">\n\t\t\t<style>\/*! elementor - v3.16.0 - 09-10-2023 *\/\n.elementor-widget-text-editor.elementor-drop-cap-view-stacked .elementor-drop-cap{background-color:#69727d;color:#fff}.elementor-widget-text-editor.elementor-drop-cap-view-framed .elementor-drop-cap{color:#69727d;border:3px solid;background-color:transparent}.elementor-widget-text-editor:not(.elementor-drop-cap-view-default) .elementor-drop-cap{margin-top:8px}.elementor-widget-text-editor:not(.elementor-drop-cap-view-default) .elementor-drop-cap-letter{width:1em;height:1em}.elementor-widget-text-editor .elementor-drop-cap{float:left;text-align:center;line-height:1;font-size:50px}.elementor-widget-text-editor .elementor-drop-cap-letter{display:inline-block}<\/style>\t\t\t\t<p>Le site des sources du Phocien Kifisos est le deuxi\u00e8me site arch\u00e9ologique le plus important de Phocide, apr\u00e8s Delphes. Des monuments historiquement pr\u00e9serv\u00e9s ont \u00e9t\u00e9 d\u00e9sign\u00e9s: &#8220;Les ruines de l&#8217;\u00e9glise byzantine sur les sources du B\u00e9otien Kifisos, et les ruines de l&#8217;\u00e9glise byzantine de Mavromandilousa, pr\u00e8s du village de Polydroson Parnassidos.&#8221; <br \/>C&#8217;est un endroit d&#8217;une beaut\u00e9 naturelle, noy\u00e9 de platanes, avec des eaux jaillissantes et une vue magnifique sur Polydrosos. Voici \u00e9galement les ruines de l&#8217;\u00e9glise byzantine de Paleopanagia ou Mavromandila qui a \u00e9t\u00e9 construite au 6\u00e8me-7\u00e8me si\u00e8cle. apr\u00e8s J.-C.<\/p>\n\t\t\t\t\t\t<\/div>\n\t\t\t\t<\/div>\n\t\t\t\t\t<\/div>\n\t\t\t\t<\/div>\n\t\t\t\t\t\t\t<\/div>\n\t\t","protected":false},"excerpt":{"rendered":"<p>Photo Gallery Le site des sources du Phocien Kifisos est le deuxi\u00e8me site arch\u00e9ologique le plus important de Phocide, apr\u00e8s Delphes. Des monuments historiquement pr\u00e9serv\u00e9s ont \u00e9t\u00e9 d\u00e9sign\u00e9s: &#8220;Les ruines de l&#8217;\u00e9glise byzantine sur les sources du B\u00e9otien Kifisos, et les ruines de l&#8217;\u00e9glise byzantine de Mavromandilousa, pr\u00e8s du village de Polydroson Parnassidos.&#8221; C&#8217;est un [&hellip;]<\/p>\n","protected":false},"author":1,"featured_media":0,"parent":0,"menu_order":0,"comment_status":"closed","ping_status":"closed","template":"","meta":{"_vp_format_video_url":"","_vp_image_focal_point":[],"footnotes":""},"class_list":["post-1695","page","type-page","status-publish","hentry"],"_links":{"self":[{"href":"https:\/\/delphi.econtentsys.gr\/index.php\/wp-json\/wp\/v2\/pages\/1695","targetHints":{"allow":["GET"]}}],"collection":[{"href":"https:\/\/delphi.econtentsys.gr\/index.php\/wp-json\/wp\/v2\/pages"}],"about":[{"href":"https:\/\/delphi.econtentsys.gr\/index.php\/wp-json\/wp\/v2\/types\/page"}],"author":[{"embeddable":true,"href":"https:\/\/delphi.econtentsys.gr\/index.php\/wp-json\/wp\/v2\/users\/1"}],"replies":[{"embeddable":true,"href":"https:\/\/delphi.econtentsys.gr\/index.php\/wp-json\/wp\/v2\/comments?post=1695"}],"version-history":[{"count":5,"href":"https:\/\/delphi.econtentsys.gr\/index.php\/wp-json\/wp\/v2\/pages\/1695\/revisions"}],"predecessor-version":[{"id":3840,"href":"https:\/\/delphi.econtentsys.gr\/index.php\/wp-json\/wp\/v2\/pages\/1695\/revisions\/3840"}],"wp:attachment":[{"href":"https:\/\/delphi.econtentsys.gr\/index.php\/wp-json\/wp\/v2\/media?parent=1695"}],"curies":[{"name":"wp","href":"https:\/\/api.w.org\/{rel}","templated":true}]}}