{"id":1664,"date":"2023-10-09T01:11:59","date_gmt":"2023-10-08T22:11:59","guid":{"rendered":"https:\/\/delphi.econtentsys.gr\/index.php\/autres-sites-archeologiques\/"},"modified":"2023-10-14T18:15:41","modified_gmt":"2023-10-14T15:15:41","slug":"autres-sites-archeologiques","status":"publish","type":"page","link":"https:\/\/delphi.econtentsys.gr\/index.php\/autres-sites-archeologiques\/?lang=fr","title":{"rendered":"Autres sites arch\u00e9ologiques"},"content":{"rendered":"\t\t<div data-elementor-type=\"wp-page\" data-elementor-id=\"1664\" class=\"elementor elementor-1664 elementor-1660\" data-elementor-post-type=\"page\">\n\t\t\t\t\t\t\t<div class=\"elementor-element elementor-element-a5b5167 e-flex e-con-boxed e-con e-parent\" data-id=\"a5b5167\" data-element_type=\"container\" data-settings=\"{&quot;background_background&quot;:&quot;classic&quot;,&quot;content_width&quot;:&quot;boxed&quot;}\" data-core-v316-plus=\"true\">\n\t\t\t\t\t<div class=\"e-con-inner\">\n\t\t\t\t\t<\/div>\n\t\t\t\t<\/div>\n\t\t<div class=\"elementor-element elementor-element-14d39941 e-flex e-con-boxed e-con e-parent\" data-id=\"14d39941\" data-element_type=\"container\" data-settings=\"{&quot;content_width&quot;:&quot;boxed&quot;}\" data-core-v316-plus=\"true\">\n\t\t\t\t\t<div class=\"e-con-inner\">\n\t\t\t\t<div class=\"elementor-element elementor-element-4575da9 elementor-widget-mobile__width-auto elementor-align-center elementor-widget elementor-widget-button\" data-id=\"4575da9\" data-element_type=\"widget\" data-widget_type=\"button.default\">\n\t\t\t\t<div class=\"elementor-widget-container\">\n\t\t\t\t\t<div class=\"elementor-button-wrapper\">\n\t\t\t<a class=\"elementor-button elementor-button-link elementor-size-sm\" href=\"https:\/\/delphi.econtentsys.gr\/index.php\/gallery-2\/%ce%ac%ce%bb%ce%bb%ce%bf%ce%b9-%ce%b1%cf%81%cf%87%ce%b1%ce%b9%ce%bf%ce%bb%ce%bf%ce%b3%ce%b9%ce%ba%ce%bf%ce%af-%cf%87%cf%8e%cf%81%ce%bf%ce%b9\/\">\n\t\t\t\t\t\t<span class=\"elementor-button-content-wrapper\">\n\t\t\t\t\t\t<span class=\"elementor-button-text\">Photo Gallery<\/span>\n\t\t<\/span>\n\t\t\t\t\t<\/a>\n\t\t<\/div>\n\t\t\t\t<\/div>\n\t\t\t\t<\/div>\n\t\t\t\t<div class=\"elementor-element elementor-element-5ac7467d elementor-widget elementor-widget-text-editor\" data-id=\"5ac7467d\" data-element_type=\"widget\" data-widget_type=\"text-editor.default\">\n\t\t\t\t<div class=\"elementor-widget-container\">\n\t\t\t<style>\/*! elementor - v3.16.0 - 09-10-2023 *\/\n.elementor-widget-text-editor.elementor-drop-cap-view-stacked .elementor-drop-cap{background-color:#69727d;color:#fff}.elementor-widget-text-editor.elementor-drop-cap-view-framed .elementor-drop-cap{color:#69727d;border:3px solid;background-color:transparent}.elementor-widget-text-editor:not(.elementor-drop-cap-view-default) .elementor-drop-cap{margin-top:8px}.elementor-widget-text-editor:not(.elementor-drop-cap-view-default) .elementor-drop-cap-letter{width:1em;height:1em}.elementor-widget-text-editor .elementor-drop-cap{float:left;text-align:center;line-height:1;font-size:50px}.elementor-widget-text-editor .elementor-drop-cap-letter{display:inline-block}<\/style>\t\t\t\t<p>NAIDRIO BYZANTIN DE SAINT JEAN (PALIAHGIANNIS) Il est situ\u00e9<br \/>Il est situ\u00e9 sur la colline du Cimeti\u00e8re au sud-ouest de Polydrossos. Il s&#8217;agit d&#8217;un naidrium d&#8217;une pi\u00e8ce d\u00e9di\u00e9 \u00e0 Agios Ioannis, probablement Prodromos. Sa construction ressemble \u00e0 celle de l&#8217;\u00e9glise byzantine voisine de Paleopanagia. Sa construction remonte probablement \u00e0 l&#8217;\u00e9poque byzantine moyenne.       <br \/>TOUR BYZANTINE DE MANDAMIE C&#8217;est<br \/>C&#8217;est un \u00e9difice byzantin. Ses c\u00f4t\u00e9s est et sud ont \u00e9t\u00e9 conserv\u00e9s presque \u00e0 leur hauteur d&#8217;origine de 9 m\u00e8tres, avec deux fen\u00eatres \u00e9troites en gr\u00e8s de chaque c\u00f4t\u00e9. \u00c0 l&#8217;int\u00e9rieur, il a des trous pour supporter les escaliers et les planchers en bois. Il n&#8217;y a pas de d\u00e9signation l\u00e9gale du monument.         <br \/>TOMBE COUP\u00c9E ROMAINE TARDIVE &#8220;SEDUKA&#8221;<br \/>Il est situ\u00e9 \u00e0 l&#8217;ouest des sources de Kifissos. Sur tout son pourtour, elle porte une l\u00e8vre sculpt\u00e9e de l&#8217;application d&#8217;un toit en pierre qui n&#8217;a pas \u00e9t\u00e9 \u00e9pargn\u00e9. On ne sait pas le moment de la divulgation et sa conclusion possible. Dans la fiction domestique, l&#8217;espace est attribu\u00e9 \u00e0 un tr\u00e9sor. Il n&#8217;y a pas de classement l\u00e9gal du site comme site arch\u00e9ologique. L&#8217;\u00e9tat actuel du monument est mauvais, en raison d&#8217;un glissement de terrain \u00e0 l&#8217;int\u00e9rieur, des rochers.        <\/p>\n\t\t\t\t\t\t<\/div>\n\t\t\t\t<\/div>\n\t\t\t\t\t<\/div>\n\t\t\t\t<\/div>\n\t\t\t\t\t\t\t<\/div>\n\t\t","protected":false},"excerpt":{"rendered":"<p>Photo Gallery NAIDRIO BYZANTIN DE SAINT JEAN (PALIAHGIANNIS) Il est situ\u00e9Il est situ\u00e9 sur la colline du Cimeti\u00e8re au sud-ouest de Polydrossos. Il s&#8217;agit d&#8217;un naidrium d&#8217;une pi\u00e8ce d\u00e9di\u00e9 \u00e0 Agios Ioannis, probablement Prodromos. Sa construction ressemble \u00e0 celle de l&#8217;\u00e9glise byzantine voisine de Paleopanagia. Sa construction remonte probablement \u00e0 l&#8217;\u00e9poque byzantine moyenne. TOUR BYZANTINE [&hellip;]<\/p>\n","protected":false},"author":1,"featured_media":0,"parent":0,"menu_order":0,"comment_status":"closed","ping_status":"closed","template":"","meta":{"_vp_format_video_url":"","_vp_image_focal_point":[],"footnotes":""},"class_list":["post-1664","page","type-page","status-publish","hentry"],"_links":{"self":[{"href":"https:\/\/delphi.econtentsys.gr\/index.php\/wp-json\/wp\/v2\/pages\/1664","targetHints":{"allow":["GET"]}}],"collection":[{"href":"https:\/\/delphi.econtentsys.gr\/index.php\/wp-json\/wp\/v2\/pages"}],"about":[{"href":"https:\/\/delphi.econtentsys.gr\/index.php\/wp-json\/wp\/v2\/types\/page"}],"author":[{"embeddable":true,"href":"https:\/\/delphi.econtentsys.gr\/index.php\/wp-json\/wp\/v2\/users\/1"}],"replies":[{"embeddable":true,"href":"https:\/\/delphi.econtentsys.gr\/index.php\/wp-json\/wp\/v2\/comments?post=1664"}],"version-history":[{"count":4,"href":"https:\/\/delphi.econtentsys.gr\/index.php\/wp-json\/wp\/v2\/pages\/1664\/revisions"}],"predecessor-version":[{"id":3683,"href":"https:\/\/delphi.econtentsys.gr\/index.php\/wp-json\/wp\/v2\/pages\/1664\/revisions\/3683"}],"wp:attachment":[{"href":"https:\/\/delphi.econtentsys.gr\/index.php\/wp-json\/wp\/v2\/media?parent=1664"}],"curies":[{"name":"wp","href":"https:\/\/api.w.org\/{rel}","templated":true}]}}