{"id":1658,"date":"2023-10-09T01:11:22","date_gmt":"2023-10-08T22:11:22","guid":{"rendered":"https:\/\/delphi.econtentsys.gr\/index.php\/acropole-primaire-lieu-palios-en-anglais\/"},"modified":"2023-10-14T18:47:23","modified_gmt":"2023-10-14T15:47:23","slug":"acropole-primaire-lieu-palios-en-anglais","status":"publish","type":"page","link":"https:\/\/delphi.econtentsys.gr\/index.php\/acropole-primaire-lieu-palios-en-anglais\/?lang=fr","title":{"rendered":"Acropole proto-hell\u00e9nique &#8211; Site &#8220;ANCIEN&#8221;"},"content":{"rendered":"\t\t<div data-elementor-type=\"wp-page\" data-elementor-id=\"1658\" class=\"elementor elementor-1658 elementor-1654\" data-elementor-post-type=\"page\">\n\t\t\t\t\t\t\t<div class=\"elementor-element elementor-element-a5b5167 e-flex e-con-boxed e-con e-parent\" data-id=\"a5b5167\" data-element_type=\"container\" data-settings=\"{&quot;background_background&quot;:&quot;classic&quot;,&quot;content_width&quot;:&quot;boxed&quot;}\" data-core-v316-plus=\"true\">\n\t\t\t\t\t<div class=\"e-con-inner\">\n\t\t<div class=\"elementor-element elementor-element-aa5138b e-con-full e-flex e-con e-child\" data-id=\"aa5138b\" data-element_type=\"container\" data-settings=\"{&quot;content_width&quot;:&quot;full&quot;}\">\n\t\t\t\t<div class=\"elementor-element elementor-element-4575da9 elementor-widget-mobile__width-auto elementor-absolute elementor-align-center elementor-widget elementor-widget-button\" data-id=\"4575da9\" data-element_type=\"widget\" data-settings=\"{&quot;_position&quot;:&quot;absolute&quot;}\" data-widget_type=\"button.default\">\n\t\t\t\t<div class=\"elementor-widget-container\">\n\t\t\t\t\t<div class=\"elementor-button-wrapper\">\n\t\t\t<a class=\"elementor-button elementor-button-link elementor-size-sm\" href=\"https:\/\/delphi.econtentsys.gr\/index.php\/gallery-2\/%cf%80%cf%81%cf%89%cf%84%ce%bf%ce%b5%ce%bb%ce%bb%ce%b1%ce%b4%ce%b9%ce%ba%ce%ae-%ce%b1%ce%ba%cf%81%cf%8c%cf%80%ce%bf%ce%bb%ce%b7-%ce%b8%ce%ad%cf%83%ce%b7-%cf%80%ce%b1%ce%bb%ce%b9%ce%bf%cf%83\/\">\n\t\t\t\t\t\t<span class=\"elementor-button-content-wrapper\">\n\t\t\t\t\t\t<span class=\"elementor-button-text\">Photo Gallery<\/span>\n\t\t<\/span>\n\t\t\t\t\t<\/a>\n\t\t<\/div>\n\t\t\t\t<\/div>\n\t\t\t\t<\/div>\n\t\t\t\t<\/div>\n\t\t\t\t\t<\/div>\n\t\t\t\t<\/div>\n\t\t<div class=\"elementor-element elementor-element-14d39941 e-flex e-con-boxed e-con e-parent\" data-id=\"14d39941\" data-element_type=\"container\" data-settings=\"{&quot;content_width&quot;:&quot;boxed&quot;}\" data-core-v316-plus=\"true\">\n\t\t\t\t\t<div class=\"e-con-inner\">\n\t\t\t\t<div class=\"elementor-element elementor-element-5ac7467d elementor-widget elementor-widget-text-editor\" data-id=\"5ac7467d\" data-element_type=\"widget\" data-widget_type=\"text-editor.default\">\n\t\t\t\t<div class=\"elementor-widget-container\">\n\t\t\t<style>\/*! elementor - v3.16.0 - 09-10-2023 *\/\n.elementor-widget-text-editor.elementor-drop-cap-view-stacked .elementor-drop-cap{background-color:#69727d;color:#fff}.elementor-widget-text-editor.elementor-drop-cap-view-framed .elementor-drop-cap{color:#69727d;border:3px solid;background-color:transparent}.elementor-widget-text-editor:not(.elementor-drop-cap-view-default) .elementor-drop-cap{margin-top:8px}.elementor-widget-text-editor:not(.elementor-drop-cap-view-default) .elementor-drop-cap-letter{width:1em;height:1em}.elementor-widget-text-editor .elementor-drop-cap{float:left;text-align:center;line-height:1;font-size:50px}.elementor-widget-text-editor .elementor-drop-cap-letter{display:inline-block}<\/style>\t\t\t\t<p>Il est situ\u00e9 au sommet de la colline d&#8217;Agia Eleusa et est le plus ancien quartier de la r\u00e9gion. La datation de sa construction doit remonter \u00e0 l&#8217;\u00e2ge du Bronze ancien (p\u00e9riode proto-hell\u00e9nique ; IIIe mill\u00e9naire avant J.-C.), avec la possibilit\u00e9 d&#8217;un \u00e9cart par rapport \u00e0 celui-ci d&#8217;un mill\u00e9naire plus jeune, ce qui ne peut \u00eatre exclu sans recherches de fouilles. Une partie de la fortification, d&#8217;environ 30 m de long, a \u00e9t\u00e9 conserv\u00e9e. ainsi qu&#8217;une coupe triangulaire dans un rocher comme endroit pour d\u00e9poser une offrande ou de l&#8217;encens pour la conduite d&#8217;anciennes c\u00e9r\u00e9monies sacramentelles. La zone est parsem\u00e9e de morceaux de vases fun\u00e9raires proto-g\u00e9om\u00e9triques provenant principalement de fouilles clandestines. Le chemin qui m\u00e8ne de la zone des sources de Kifissos \u00e0 &#8220;Palio&#8221; est \u00e9galement int\u00e9ressant.          <\/p>\n\t\t\t\t\t\t<\/div>\n\t\t\t\t<\/div>\n\t\t\t\t\t<\/div>\n\t\t\t\t<\/div>\n\t\t\t\t\t\t\t<\/div>\n\t\t","protected":false},"excerpt":{"rendered":"<p>Photo Gallery Il est situ\u00e9 au sommet de la colline d&#8217;Agia Eleusa et est le plus ancien quartier de la r\u00e9gion. La datation de sa construction doit remonter \u00e0 l&#8217;\u00e2ge du Bronze ancien (p\u00e9riode proto-hell\u00e9nique ; IIIe mill\u00e9naire avant J.-C.), avec la possibilit\u00e9 d&#8217;un \u00e9cart par rapport \u00e0 celui-ci d&#8217;un mill\u00e9naire plus jeune, ce qui [&hellip;]<\/p>\n","protected":false},"author":1,"featured_media":0,"parent":0,"menu_order":0,"comment_status":"closed","ping_status":"closed","template":"","meta":{"_vp_format_video_url":"","_vp_image_focal_point":[],"footnotes":""},"class_list":["post-1658","page","type-page","status-publish","hentry"],"_links":{"self":[{"href":"https:\/\/delphi.econtentsys.gr\/index.php\/wp-json\/wp\/v2\/pages\/1658","targetHints":{"allow":["GET"]}}],"collection":[{"href":"https:\/\/delphi.econtentsys.gr\/index.php\/wp-json\/wp\/v2\/pages"}],"about":[{"href":"https:\/\/delphi.econtentsys.gr\/index.php\/wp-json\/wp\/v2\/types\/page"}],"author":[{"embeddable":true,"href":"https:\/\/delphi.econtentsys.gr\/index.php\/wp-json\/wp\/v2\/users\/1"}],"replies":[{"embeddable":true,"href":"https:\/\/delphi.econtentsys.gr\/index.php\/wp-json\/wp\/v2\/comments?post=1658"}],"version-history":[{"count":5,"href":"https:\/\/delphi.econtentsys.gr\/index.php\/wp-json\/wp\/v2\/pages\/1658\/revisions"}],"predecessor-version":[{"id":3875,"href":"https:\/\/delphi.econtentsys.gr\/index.php\/wp-json\/wp\/v2\/pages\/1658\/revisions\/3875"}],"wp:attachment":[{"href":"https:\/\/delphi.econtentsys.gr\/index.php\/wp-json\/wp\/v2\/media?parent=1658"}],"curies":[{"name":"wp","href":"https:\/\/api.w.org\/{rel}","templated":true}]}}