{"id":1643,"date":"2023-10-09T01:09:03","date_gmt":"2023-10-08T22:09:03","guid":{"rendered":"https:\/\/delphi.econtentsys.gr\/index.php\/acropole-et-murs-de-lancienne-erochos\/"},"modified":"2023-10-14T18:15:06","modified_gmt":"2023-10-14T15:15:06","slug":"acropole-et-murs-de-lancienne-erochos","status":"publish","type":"page","link":"https:\/\/delphi.econtentsys.gr\/index.php\/acropole-et-murs-de-lancienne-erochos\/?lang=fr","title":{"rendered":"Acropole et murs de l&#8217;ancien Erochos"},"content":{"rendered":"\t\t<div data-elementor-type=\"wp-page\" data-elementor-id=\"1643\" class=\"elementor elementor-1643 elementor-1639\" data-elementor-post-type=\"page\">\n\t\t\t\t\t\t\t<div class=\"elementor-element elementor-element-a5b5167 e-flex e-con-boxed e-con e-parent\" data-id=\"a5b5167\" data-element_type=\"container\" data-settings=\"{&quot;background_background&quot;:&quot;classic&quot;,&quot;content_width&quot;:&quot;boxed&quot;}\" data-core-v316-plus=\"true\">\n\t\t\t\t\t<div class=\"e-con-inner\">\n\t\t\t\t\t<\/div>\n\t\t\t\t<\/div>\n\t\t<div class=\"elementor-element elementor-element-14d39941 e-flex e-con-boxed e-con e-parent\" data-id=\"14d39941\" data-element_type=\"container\" data-settings=\"{&quot;content_width&quot;:&quot;boxed&quot;}\" data-core-v316-plus=\"true\">\n\t\t\t\t\t<div class=\"e-con-inner\">\n\t\t\t\t<div class=\"elementor-element elementor-element-6c04d6e elementor-widget-mobile__width-auto elementor-align-center elementor-widget elementor-widget-button\" data-id=\"6c04d6e\" data-element_type=\"widget\" data-widget_type=\"button.default\">\n\t\t\t\t<div class=\"elementor-widget-container\">\n\t\t\t\t\t<div class=\"elementor-button-wrapper\">\n\t\t\t<a class=\"elementor-button elementor-button-link elementor-size-sm\" href=\"https:\/\/delphi.econtentsys.gr\/index.php\/gallery-2\/%ce%b1%ce%ba%cf%81%cf%8c%cf%80%ce%bf%ce%bb%ce%b7-%ce%ba%ce%b1%ce%b9-%cf%84%ce%b5%ce%af%cf%87%ce%b7-%cf%84%ce%bf%cf%85-%ce%b1%cf%81%cf%87%ce%b1%ce%af%ce%bf%cf%85-%ce%b5%cf%81%cf%8e%cf%87%ce%bf%cf%85\/\">\n\t\t\t\t\t\t<span class=\"elementor-button-content-wrapper\">\n\t\t\t\t\t\t<span class=\"elementor-button-text\">Photo Gallery<\/span>\n\t\t<\/span>\n\t\t\t\t\t<\/a>\n\t\t<\/div>\n\t\t\t\t<\/div>\n\t\t\t\t<\/div>\n\t\t\t\t<div class=\"elementor-element elementor-element-5ac7467d elementor-widget elementor-widget-text-editor\" data-id=\"5ac7467d\" data-element_type=\"widget\" data-widget_type=\"text-editor.default\">\n\t\t\t\t<div class=\"elementor-widget-container\">\n\t\t\t<style>\/*! elementor - v3.16.0 - 09-10-2023 *\/\n.elementor-widget-text-editor.elementor-drop-cap-view-stacked .elementor-drop-cap{background-color:#69727d;color:#fff}.elementor-widget-text-editor.elementor-drop-cap-view-framed .elementor-drop-cap{color:#69727d;border:3px solid;background-color:transparent}.elementor-widget-text-editor:not(.elementor-drop-cap-view-default) .elementor-drop-cap{margin-top:8px}.elementor-widget-text-editor:not(.elementor-drop-cap-view-default) .elementor-drop-cap-letter{width:1em;height:1em}.elementor-widget-text-editor .elementor-drop-cap{float:left;text-align:center;line-height:1;font-size:50px}.elementor-widget-text-editor .elementor-drop-cap-letter{display:inline-block}<\/style>\t\t\t\t<p>Il est situ\u00e9 au sud de Polydross, sur la colline d&#8217;Agios Vasilios. Les fondations des fortifications de l&#8217;\u00e9poque classique sont visibles. Une petite partie de l&#8217;ancien mur d&#8217;enceinte a \u00e9t\u00e9 accidentellement d\u00e9couverte il y a des ann\u00e9es et est visible \u00e0 droite de la route du cimeti\u00e8re.    <br \/>Presque toute la zone de la ville antique a \u00e9t\u00e9 transform\u00e9e au cours des si\u00e8cles en champs irrigu\u00e9s arables et est parsem\u00e9e de d\u00e9bris d&#8217;argile et de pierre, sans qu&#8217;aucune d\u00e9couverte importante d&#8217;artefacts anciens n&#8217;ait \u00e9t\u00e9 signal\u00e9e \u00e0 ce jour.   <\/p>\n\t\t\t\t\t\t<\/div>\n\t\t\t\t<\/div>\n\t\t\t\t\t<\/div>\n\t\t\t\t<\/div>\n\t\t\t\t\t\t\t<\/div>\n\t\t","protected":false},"excerpt":{"rendered":"<p>Photo Gallery Il est situ\u00e9 au sud de Polydross, sur la colline d&#8217;Agios Vasilios. Les fondations des fortifications de l&#8217;\u00e9poque classique sont visibles. Une petite partie de l&#8217;ancien mur d&#8217;enceinte a \u00e9t\u00e9 accidentellement d\u00e9couverte il y a des ann\u00e9es et est visible \u00e0 droite de la route du cimeti\u00e8re. Presque toute la zone de la [&hellip;]<\/p>\n","protected":false},"author":1,"featured_media":0,"parent":0,"menu_order":0,"comment_status":"closed","ping_status":"closed","template":"","meta":{"_vp_format_video_url":"","_vp_image_focal_point":[],"footnotes":""},"class_list":["post-1643","page","type-page","status-publish","hentry"],"_links":{"self":[{"href":"https:\/\/delphi.econtentsys.gr\/index.php\/wp-json\/wp\/v2\/pages\/1643","targetHints":{"allow":["GET"]}}],"collection":[{"href":"https:\/\/delphi.econtentsys.gr\/index.php\/wp-json\/wp\/v2\/pages"}],"about":[{"href":"https:\/\/delphi.econtentsys.gr\/index.php\/wp-json\/wp\/v2\/types\/page"}],"author":[{"embeddable":true,"href":"https:\/\/delphi.econtentsys.gr\/index.php\/wp-json\/wp\/v2\/users\/1"}],"replies":[{"embeddable":true,"href":"https:\/\/delphi.econtentsys.gr\/index.php\/wp-json\/wp\/v2\/comments?post=1643"}],"version-history":[{"count":7,"href":"https:\/\/delphi.econtentsys.gr\/index.php\/wp-json\/wp\/v2\/pages\/1643\/revisions"}],"predecessor-version":[{"id":3678,"href":"https:\/\/delphi.econtentsys.gr\/index.php\/wp-json\/wp\/v2\/pages\/1643\/revisions\/3678"}],"wp:attachment":[{"href":"https:\/\/delphi.econtentsys.gr\/index.php\/wp-json\/wp\/v2\/media?parent=1643"}],"curies":[{"name":"wp","href":"https:\/\/api.w.org\/{rel}","templated":true}]}}