{"id":1621,"date":"2023-10-09T01:04:29","date_gmt":"2023-10-08T22:04:29","guid":{"rendered":"https:\/\/delphi.econtentsys.gr\/index.php\/sources-du-kifissos-phoceen\/"},"modified":"2023-10-18T11:37:50","modified_gmt":"2023-10-18T08:37:50","slug":"sources-du-kifissos-phoceen","status":"publish","type":"page","link":"https:\/\/delphi.econtentsys.gr\/index.php\/sources-du-kifissos-phoceen\/?lang=fr","title":{"rendered":"Sources de Fokiko Kifisos"},"content":{"rendered":"\t\t<div data-elementor-type=\"wp-page\" data-elementor-id=\"1621\" class=\"elementor elementor-1621 elementor-1617\" data-elementor-post-type=\"page\">\n\t\t\t\t\t\t\t<div class=\"elementor-element elementor-element-46dc714 e-flex e-con-boxed e-con e-parent\" data-id=\"46dc714\" data-element_type=\"container\" data-settings=\"{&quot;content_width&quot;:&quot;boxed&quot;}\" data-core-v316-plus=\"true\">\n\t\t\t\t\t<div class=\"e-con-inner\">\n\t\t<div class=\"elementor-element elementor-element-2ad210c e-flex e-con-boxed e-con e-child\" data-id=\"2ad210c\" data-element_type=\"container\" data-settings=\"{&quot;background_background&quot;:&quot;classic&quot;,&quot;content_width&quot;:&quot;boxed&quot;}\">\n\t\t\t\t\t<div class=\"e-con-inner\">\n\t\t\t\t<div class=\"elementor-element elementor-element-4e28269 elementor-widget elementor-widget-image\" data-id=\"4e28269\" data-element_type=\"widget\" data-widget_type=\"image.default\">\n\t\t\t\t<div class=\"elementor-widget-container\">\n\t\t\t<style>\/*! elementor - v3.16.0 - 09-10-2023 *\/\n.elementor-widget-image{text-align:center}.elementor-widget-image a{display:inline-block}.elementor-widget-image a img[src$=\".svg\"]{width:48px}.elementor-widget-image img{vertical-align:middle;display:inline-block}<\/style>\t\t\t\t\t\t\t\t\t\t\t\t<img loading=\"lazy\" decoding=\"async\" width=\"625\" height=\"364\" src=\"https:\/\/delphi.econtentsys.gr\/wp-content\/uploads\/2023\/10\/parnassos_piges-kifisos_1000.webp\" class=\"attachment-large size-large wp-image-1066\" alt=\"parnassos_piges-kifisos_1000\" srcset=\"https:\/\/delphi.econtentsys.gr\/wp-content\/uploads\/2023\/10\/parnassos_piges-kifisos_1000.webp 1000w, https:\/\/delphi.econtentsys.gr\/wp-content\/uploads\/2023\/10\/parnassos_piges-kifisos_1000-300x175.webp 300w, https:\/\/delphi.econtentsys.gr\/wp-content\/uploads\/2023\/10\/parnassos_piges-kifisos_1000-768x448.webp 768w, https:\/\/delphi.econtentsys.gr\/wp-content\/uploads\/2023\/10\/parnassos_piges-kifisos_1000-624x364.webp 624w\" sizes=\"auto, (max-width: 625px) 100vw, 625px\" \/>\t\t\t\t\t\t\t\t\t\t\t\t\t\t\t<\/div>\n\t\t\t\t<\/div>\n\t\t\t\t<div class=\"elementor-element elementor-element-ce00c1a elementor-align-center elementor-widget elementor-widget-button\" data-id=\"ce00c1a\" data-element_type=\"widget\" data-widget_type=\"button.default\">\n\t\t\t\t<div class=\"elementor-widget-container\">\n\t\t\t\t\t<div class=\"elementor-button-wrapper\">\n\t\t\t<a class=\"elementor-button elementor-button-link elementor-size-sm\" href=\"https:\/\/delphi.econtentsys.gr\/index.php\/sources-du-kifissos-phoceen-2\/?lang=fr\">\n\t\t\t\t\t\t<span class=\"elementor-button-content-wrapper\">\n\t\t\t\t\t\t<span class=\"elementor-button-text\">Sources de Fokiko Kifisos<\/span>\n\t\t<\/span>\n\t\t\t\t\t<\/a>\n\t\t<\/div>\n\t\t\t\t<\/div>\n\t\t\t\t<\/div>\n\t\t\t\t\t<\/div>\n\t\t\t\t<\/div>\n\t\t<div class=\"elementor-element elementor-element-cc4f803 e-flex e-con-boxed e-con e-child\" data-id=\"cc4f803\" data-element_type=\"container\" data-settings=\"{&quot;background_background&quot;:&quot;classic&quot;,&quot;content_width&quot;:&quot;boxed&quot;}\">\n\t\t\t\t\t<div class=\"e-con-inner\">\n\t\t\t\t<div class=\"elementor-element elementor-element-302dc49 elementor-widget elementor-widget-image\" data-id=\"302dc49\" data-element_type=\"widget\" data-widget_type=\"image.default\">\n\t\t\t\t<div class=\"elementor-widget-container\">\n\t\t\t\t\t\t\t\t\t\t\t\t\t\t\t<img loading=\"lazy\" decoding=\"async\" width=\"625\" height=\"469\" src=\"https:\/\/delphi.econtentsys.gr\/wp-content\/uploads\/2023\/10\/parnassos_polidrosso_photo01-1-1024x768.webp\" class=\"attachment-large size-large wp-image-1719\" alt=\"parnassos_polidrosso_photo01\" srcset=\"https:\/\/delphi.econtentsys.gr\/wp-content\/uploads\/2023\/10\/parnassos_polidrosso_photo01-1-1024x768.webp 1024w, https:\/\/delphi.econtentsys.gr\/wp-content\/uploads\/2023\/10\/parnassos_polidrosso_photo01-1-300x225.webp 300w, https:\/\/delphi.econtentsys.gr\/wp-content\/uploads\/2023\/10\/parnassos_polidrosso_photo01-1-768x576.webp 768w, https:\/\/delphi.econtentsys.gr\/wp-content\/uploads\/2023\/10\/parnassos_polidrosso_photo01-1-624x468.webp 624w, https:\/\/delphi.econtentsys.gr\/wp-content\/uploads\/2023\/10\/parnassos_polidrosso_photo01-1.webp 1190w\" sizes=\"auto, (max-width: 625px) 100vw, 625px\" \/>\t\t\t\t\t\t\t\t\t\t\t\t\t\t\t<\/div>\n\t\t\t\t<\/div>\n\t\t\t\t<div class=\"elementor-element elementor-element-7f79532 elementor-align-center elementor-widget elementor-widget-button\" data-id=\"7f79532\" data-element_type=\"widget\" data-widget_type=\"button.default\">\n\t\t\t\t<div class=\"elementor-widget-container\">\n\t\t\t\t\t<div class=\"elementor-button-wrapper\">\n\t\t\t<a class=\"elementor-button elementor-button-link elementor-size-sm\" href=\"https:\/\/delphi.econtentsys.gr\/index.php\/ancienne-eglise-chretienne-de-panagia-eleousis\/?lang=fr\">\n\t\t\t\t\t\t<span class=\"elementor-button-content-wrapper\">\n\t\t\t\t\t\t<span class=\"elementor-button-text\">Sainte Mis\u00e9ricorde (Aghia \u00c9l\u00e9oussa)<\/span>\n\t\t<\/span>\n\t\t\t\t\t<\/a>\n\t\t<\/div>\n\t\t\t\t<\/div>\n\t\t\t\t<\/div>\n\t\t\t\t\t<\/div>\n\t\t\t\t<\/div>\n\t\t<div class=\"elementor-element elementor-element-1eeac6c e-flex e-con-boxed e-con e-child\" data-id=\"1eeac6c\" data-element_type=\"container\" data-settings=\"{&quot;background_background&quot;:&quot;classic&quot;,&quot;content_width&quot;:&quot;boxed&quot;}\">\n\t\t\t\t\t<div class=\"e-con-inner\">\n\t\t\t\t<div class=\"elementor-element elementor-element-ae61369 elementor-widget elementor-widget-image\" data-id=\"ae61369\" data-element_type=\"widget\" data-widget_type=\"image.default\">\n\t\t\t\t<div class=\"elementor-widget-container\">\n\t\t\t\t\t\t\t\t\t\t\t\t\t\t\t<img loading=\"lazy\" decoding=\"async\" width=\"625\" height=\"469\" src=\"https:\/\/delphi.econtentsys.gr\/wp-content\/uploads\/2023\/10\/parnassos_polidrosso_Xristoforou_photo02-1024x768.webp\" class=\"attachment-large size-large wp-image-1111\" alt=\"parnassos_polidrosso_Xristoforou_photo02\" srcset=\"https:\/\/delphi.econtentsys.gr\/wp-content\/uploads\/2023\/10\/parnassos_polidrosso_Xristoforou_photo02-1024x768.webp 1024w, https:\/\/delphi.econtentsys.gr\/wp-content\/uploads\/2023\/10\/parnassos_polidrosso_Xristoforou_photo02-300x225.webp 300w, https:\/\/delphi.econtentsys.gr\/wp-content\/uploads\/2023\/10\/parnassos_polidrosso_Xristoforou_photo02-768x576.webp 768w, https:\/\/delphi.econtentsys.gr\/wp-content\/uploads\/2023\/10\/parnassos_polidrosso_Xristoforou_photo02-624x468.webp 624w, https:\/\/delphi.econtentsys.gr\/wp-content\/uploads\/2023\/10\/parnassos_polidrosso_Xristoforou_photo02.webp 1269w\" sizes=\"auto, (max-width: 625px) 100vw, 625px\" \/>\t\t\t\t\t\t\t\t\t\t\t\t\t\t\t<\/div>\n\t\t\t\t<\/div>\n\t\t\t\t<div class=\"elementor-element elementor-element-a317197 elementor-align-center elementor-widget elementor-widget-button\" data-id=\"a317197\" data-element_type=\"widget\" data-widget_type=\"button.default\">\n\t\t\t\t<div class=\"elementor-widget-container\">\n\t\t\t\t\t<div class=\"elementor-button-wrapper\">\n\t\t\t<a class=\"elementor-button elementor-button-link elementor-size-sm\" href=\"https:\/\/delphi.econtentsys.gr\/index.php\/monument-archaique-avec-les-ruines-du-temple-de-st-christoforou\/?lang=fr\">\n\t\t\t\t\t\t<span class=\"elementor-button-content-wrapper\">\n\t\t\t\t\t\t<span class=\"elementor-button-text\">Monument archa\u00efque avec les ruines du temple de St. Christoforou <\/span>\n\t\t<\/span>\n\t\t\t\t\t<\/a>\n\t\t<\/div>\n\t\t\t\t<\/div>\n\t\t\t\t<\/div>\n\t\t\t\t\t<\/div>\n\t\t\t\t<\/div>\n\t\t<div class=\"elementor-element elementor-element-333c4d9 e-flex e-con-boxed e-con e-child\" data-id=\"333c4d9\" data-element_type=\"container\" data-settings=\"{&quot;background_background&quot;:&quot;classic&quot;,&quot;content_width&quot;:&quot;boxed&quot;}\">\n\t\t\t\t\t<div class=\"e-con-inner\">\n\t\t\t\t<div class=\"elementor-element elementor-element-d437d7a elementor-widget elementor-widget-image\" data-id=\"d437d7a\" data-element_type=\"widget\" data-widget_type=\"image.default\">\n\t\t\t\t<div class=\"elementor-widget-container\">\n\t\t\t\t\t\t\t\t\t\t\t\t\t\t\t<img loading=\"lazy\" decoding=\"async\" width=\"625\" height=\"469\" src=\"https:\/\/delphi.econtentsys.gr\/wp-content\/uploads\/2023\/10\/parnassos_polidrosso_pigi_photo03-1024x768.webp\" class=\"attachment-large size-large wp-image-1102\" alt=\"parnassos_polidrosso_pigi_photo03\" srcset=\"https:\/\/delphi.econtentsys.gr\/wp-content\/uploads\/2023\/10\/parnassos_polidrosso_pigi_photo03-1024x768.webp 1024w, https:\/\/delphi.econtentsys.gr\/wp-content\/uploads\/2023\/10\/parnassos_polidrosso_pigi_photo03-300x225.webp 300w, https:\/\/delphi.econtentsys.gr\/wp-content\/uploads\/2023\/10\/parnassos_polidrosso_pigi_photo03-768x576.webp 768w, https:\/\/delphi.econtentsys.gr\/wp-content\/uploads\/2023\/10\/parnassos_polidrosso_pigi_photo03-624x468.webp 624w, https:\/\/delphi.econtentsys.gr\/wp-content\/uploads\/2023\/10\/parnassos_polidrosso_pigi_photo03.webp 1269w\" sizes=\"auto, (max-width: 625px) 100vw, 625px\" \/>\t\t\t\t\t\t\t\t\t\t\t\t\t\t\t<\/div>\n\t\t\t\t<\/div>\n\t\t\t\t<div class=\"elementor-element elementor-element-10cce6a elementor-align-center elementor-widget elementor-widget-button\" data-id=\"10cce6a\" data-element_type=\"widget\" data-widget_type=\"button.default\">\n\t\t\t\t<div class=\"elementor-widget-container\">\n\t\t\t\t\t<div class=\"elementor-button-wrapper\">\n\t\t\t<a class=\"elementor-button elementor-button-link elementor-size-sm\" href=\"https:\/\/delphi.econtentsys.gr\/index.php\/la-zone-principale-de-la-source\/?lang=fr\">\n\t\t\t\t\t\t<span class=\"elementor-button-content-wrapper\">\n\t\t\t\t\t\t<span class=\"elementor-button-text\">La zone principale de la source<\/span>\n\t\t<\/span>\n\t\t\t\t\t<\/a>\n\t\t<\/div>\n\t\t\t\t<\/div>\n\t\t\t\t<\/div>\n\t\t\t\t\t<\/div>\n\t\t\t\t<\/div>\n\t\t\t\t\t<\/div>\n\t\t\t\t<\/div>\n\t\t\t\t\t\t\t<\/div>\n\t\t","protected":false},"excerpt":{"rendered":"<p>Sources de Fokiko Kifisos Sainte Mis\u00e9ricorde (Aghia \u00c9l\u00e9oussa) Monument archa\u00efque avec les ruines du temple de St. Christoforou La zone principale de la source<\/p>\n","protected":false},"author":1,"featured_media":0,"parent":0,"menu_order":0,"comment_status":"closed","ping_status":"closed","template":"","meta":{"_vp_format_video_url":"","_vp_image_focal_point":[],"footnotes":""},"class_list":["post-1621","page","type-page","status-publish","hentry"],"_links":{"self":[{"href":"https:\/\/delphi.econtentsys.gr\/index.php\/wp-json\/wp\/v2\/pages\/1621","targetHints":{"allow":["GET"]}}],"collection":[{"href":"https:\/\/delphi.econtentsys.gr\/index.php\/wp-json\/wp\/v2\/pages"}],"about":[{"href":"https:\/\/delphi.econtentsys.gr\/index.php\/wp-json\/wp\/v2\/types\/page"}],"author":[{"embeddable":true,"href":"https:\/\/delphi.econtentsys.gr\/index.php\/wp-json\/wp\/v2\/users\/1"}],"replies":[{"embeddable":true,"href":"https:\/\/delphi.econtentsys.gr\/index.php\/wp-json\/wp\/v2\/comments?post=1621"}],"version-history":[{"count":6,"href":"https:\/\/delphi.econtentsys.gr\/index.php\/wp-json\/wp\/v2\/pages\/1621\/revisions"}],"predecessor-version":[{"id":4261,"href":"https:\/\/delphi.econtentsys.gr\/index.php\/wp-json\/wp\/v2\/pages\/1621\/revisions\/4261"}],"wp:attachment":[{"href":"https:\/\/delphi.econtentsys.gr\/index.php\/wp-json\/wp\/v2\/media?parent=1621"}],"curies":[{"name":"wp","href":"https:\/\/api.w.org\/{rel}","templated":true}]}}