{"id":1577,"date":"2023-10-09T00:10:32","date_gmt":"2023-10-08T21:10:32","guid":{"rendered":"https:\/\/delphi.econtentsys.gr\/index.php\/mont-parnasse\/"},"modified":"2023-10-14T18:53:09","modified_gmt":"2023-10-14T15:53:09","slug":"mont-parnasse","status":"publish","type":"page","link":"https:\/\/delphi.econtentsys.gr\/index.php\/mont-parnasse\/?lang=fr","title":{"rendered":"Mont Parnasse"},"content":{"rendered":"\t\t<div data-elementor-type=\"wp-page\" data-elementor-id=\"1577\" class=\"elementor elementor-1577 elementor-1573\" data-elementor-post-type=\"page\">\n\t\t\t\t\t\t\t<div class=\"elementor-element elementor-element-a5b5167 e-flex e-con-boxed e-con e-parent\" data-id=\"a5b5167\" data-element_type=\"container\" data-settings=\"{&quot;background_background&quot;:&quot;classic&quot;,&quot;content_width&quot;:&quot;boxed&quot;}\" data-core-v316-plus=\"true\">\n\t\t\t\t\t<div class=\"e-con-inner\">\n\t\t<div class=\"elementor-element elementor-element-aa5138b e-con-full e-flex e-con e-child\" data-id=\"aa5138b\" data-element_type=\"container\" data-settings=\"{&quot;content_width&quot;:&quot;full&quot;}\">\n\t\t\t\t<div class=\"elementor-element elementor-element-4575da9 elementor-widget-mobile__width-auto elementor-absolute elementor-align-center elementor-widget elementor-widget-button\" data-id=\"4575da9\" data-element_type=\"widget\" data-settings=\"{&quot;_position&quot;:&quot;absolute&quot;}\" data-widget_type=\"button.default\">\n\t\t\t\t<div class=\"elementor-widget-container\">\n\t\t\t\t\t<div class=\"elementor-button-wrapper\">\n\t\t\t<a class=\"elementor-button elementor-button-link elementor-size-sm\" href=\"https:\/\/delphi.econtentsys.gr\/index.php\/gallery-2\/%cf%84%ce%bf-%cf%8c%cf%81%ce%bf%cf%82-%cf%80%ce%b1%cf%81%ce%bd%ce%b1%cf%83%cf%83%cf%8c%cf%82\/\">\n\t\t\t\t\t\t<span class=\"elementor-button-content-wrapper\">\n\t\t\t\t\t\t<span class=\"elementor-button-text\">Photo Gallery<\/span>\n\t\t<\/span>\n\t\t\t\t\t<\/a>\n\t\t<\/div>\n\t\t\t\t<\/div>\n\t\t\t\t<\/div>\n\t\t\t\t<\/div>\n\t\t\t\t\t<\/div>\n\t\t\t\t<\/div>\n\t\t<div class=\"elementor-element elementor-element-14d39941 e-flex e-con-boxed e-con e-parent\" data-id=\"14d39941\" data-element_type=\"container\" data-settings=\"{&quot;content_width&quot;:&quot;boxed&quot;}\" data-core-v316-plus=\"true\">\n\t\t\t\t\t<div class=\"e-con-inner\">\n\t\t\t\t<div class=\"elementor-element elementor-element-5ac7467d elementor-widget elementor-widget-text-editor\" data-id=\"5ac7467d\" data-element_type=\"widget\" data-widget_type=\"text-editor.default\">\n\t\t\t\t<div class=\"elementor-widget-container\">\n\t\t\t<style>\/*! elementor - v3.16.0 - 09-10-2023 *\/\n.elementor-widget-text-editor.elementor-drop-cap-view-stacked .elementor-drop-cap{background-color:#69727d;color:#fff}.elementor-widget-text-editor.elementor-drop-cap-view-framed .elementor-drop-cap{color:#69727d;border:3px solid;background-color:transparent}.elementor-widget-text-editor:not(.elementor-drop-cap-view-default) .elementor-drop-cap{margin-top:8px}.elementor-widget-text-editor:not(.elementor-drop-cap-view-default) .elementor-drop-cap-letter{width:1em;height:1em}.elementor-widget-text-editor .elementor-drop-cap{float:left;text-align:center;line-height:1;font-size:50px}.elementor-widget-text-editor .elementor-drop-cap-letter{display:inline-block}<\/style>\t\t\t\t<p>Il culmine \u00e0 2457 m\u00e8tres. L\u2019une des plus hautes montagnes de Gr\u00e8ce. Il porte en ses sommets et ses pentes les l\u00e9gendes, les mythes et les histoires qui nourrissent jusqu\u2019\u00e0 nos jours l\u2019un des sites montagnards les plus riches d\u2019histoire du pays. Son existence a \u00e9t\u00e9 intimement li\u00e9e, au fil des si\u00e8cles, avec l\u2019Oracle antique de Delphes. Un lieu de patrimoine mondial qui r\u00e8gne sur ses pentes, \u00e0 550 m\u00e8tres d\u2019altitude, et constitue un p\u00f4le d\u2019attraction touristique majeur. Il accueille la Station de Ski du Mont Parnasse, la plus grande de Gr\u00e8ce. Sa riche biodiversit\u00e9 a justifi\u00e9 la fondation, en 1938, du Parc National du Mont Parnasse qui couvre une superficie de 3513 hectares. En raison de sa configuration g\u00e9ophysique, il constitua l\u2019\u00e9picentre de la R\u00e9volution de 1821, et est aujourd\u2019hui \u00ab habit\u00e9 \u00bb par de pittoresques cit\u00e9s et villages. Comme aussi par l\u2019unique \u201cpaeonia parnassica\u201d. <br \/>La montagne mythique donna son nom \u00e0 la r\u00e9gion nord-est de la terre delphique. La r\u00e9gion du Parc National du Parnasse, de la plus grande station de ski de Gr\u00e8ce, des pentes couvertes de sapins et des l\u00e9gendes de Pan, de Polydrossou avec les sources du fleuve Kifissos, ses vignes, mais aussi ses sentiers internationaux, l\u2019avenante Eptalofa (Agoriani) et ses cascades, et l\u2019indescriptible flore d\u2019un \u00e9cosyst\u00e8me unique au monde.<br \/>Eptalofa (Agoriani) et ses cascades, et l\u2019indescriptible flore d\u2019un \u00e9cosyst\u00e8me unique au monde. Polydrossos (\u00ab la tr\u00e8s fra\u00eeche \u00bb) justifie bien son nom, par la sensation qu\u2019elle procure de toucher la nature et de vivre en harmonie totale avec la vie. C\u2019est \u00e9galement la principale \u00ab porte \u00bb septentrionale vers les pistes de ski du Mont Parnasse pour les amoureux des sports d\u2019hiver.        <br \/>Go\u00fbtez aux saveurs traditionnelles qui vous \u00ab inviteront \u00bb \u00e0 leur fa\u00e7on : fromages et produits laitiers, viandes et vin local pour les palais exigeants.<\/p>\n\t\t\t\t\t\t<\/div>\n\t\t\t\t<\/div>\n\t\t\t\t\t<\/div>\n\t\t\t\t<\/div>\n\t\t\t\t\t\t\t<\/div>\n\t\t","protected":false},"excerpt":{"rendered":"<p>Photo Gallery Il culmine \u00e0 2457 m\u00e8tres. L\u2019une des plus hautes montagnes de Gr\u00e8ce. Il porte en ses sommets et ses pentes les l\u00e9gendes, les mythes et les histoires qui nourrissent jusqu\u2019\u00e0 nos jours l\u2019un des sites montagnards les plus riches d\u2019histoire du pays. Son existence a \u00e9t\u00e9 intimement li\u00e9e, au fil des si\u00e8cles, avec [&hellip;]<\/p>\n","protected":false},"author":1,"featured_media":0,"parent":0,"menu_order":0,"comment_status":"closed","ping_status":"closed","template":"","meta":{"_vp_format_video_url":"","_vp_image_focal_point":[],"footnotes":""},"class_list":["post-1577","page","type-page","status-publish","hentry"],"_links":{"self":[{"href":"https:\/\/delphi.econtentsys.gr\/index.php\/wp-json\/wp\/v2\/pages\/1577","targetHints":{"allow":["GET"]}}],"collection":[{"href":"https:\/\/delphi.econtentsys.gr\/index.php\/wp-json\/wp\/v2\/pages"}],"about":[{"href":"https:\/\/delphi.econtentsys.gr\/index.php\/wp-json\/wp\/v2\/types\/page"}],"author":[{"embeddable":true,"href":"https:\/\/delphi.econtentsys.gr\/index.php\/wp-json\/wp\/v2\/users\/1"}],"replies":[{"embeddable":true,"href":"https:\/\/delphi.econtentsys.gr\/index.php\/wp-json\/wp\/v2\/comments?post=1577"}],"version-history":[{"count":4,"href":"https:\/\/delphi.econtentsys.gr\/index.php\/wp-json\/wp\/v2\/pages\/1577\/revisions"}],"predecessor-version":[{"id":3891,"href":"https:\/\/delphi.econtentsys.gr\/index.php\/wp-json\/wp\/v2\/pages\/1577\/revisions\/3891"}],"wp:attachment":[{"href":"https:\/\/delphi.econtentsys.gr\/index.php\/wp-json\/wp\/v2\/media?parent=1577"}],"curies":[{"name":"wp","href":"https:\/\/api.w.org\/{rel}","templated":true}]}}