{"id":1531,"date":"2023-10-08T23:42:38","date_gmt":"2023-10-08T20:42:38","guid":{"rendered":"https:\/\/delphi.econtentsys.gr\/index.php\/vieille-basilique-chretienne\/"},"modified":"2023-10-14T18:43:25","modified_gmt":"2023-10-14T15:43:25","slug":"vieille-basilique-chretienne","status":"publish","type":"page","link":"https:\/\/delphi.econtentsys.gr\/index.php\/vieille-basilique-chretienne\/?lang=fr","title":{"rendered":"Basilique pal\u00e9ochr\u00e9tienne"},"content":{"rendered":"\t\t<div data-elementor-type=\"wp-page\" data-elementor-id=\"1531\" class=\"elementor elementor-1531 elementor-1520\" data-elementor-post-type=\"page\">\n\t\t\t\t\t\t\t<div class=\"elementor-element elementor-element-a5b5167 e-flex e-con-boxed e-con e-parent\" data-id=\"a5b5167\" data-element_type=\"container\" data-settings=\"{&quot;background_background&quot;:&quot;classic&quot;,&quot;content_width&quot;:&quot;boxed&quot;}\" data-core-v316-plus=\"true\">\n\t\t\t\t\t<div class=\"e-con-inner\">\n\t\t\t\t\t<\/div>\n\t\t\t\t<\/div>\n\t\t<div class=\"elementor-element elementor-element-14d39941 e-flex e-con-boxed e-con e-parent\" data-id=\"14d39941\" data-element_type=\"container\" data-settings=\"{&quot;content_width&quot;:&quot;boxed&quot;}\" data-core-v316-plus=\"true\">\n\t\t\t\t\t<div class=\"e-con-inner\">\n\t\t\t\t<div class=\"elementor-element elementor-element-7bab32c elementor-widget-mobile__width-auto elementor-align-center elementor-widget elementor-widget-button\" data-id=\"7bab32c\" data-element_type=\"widget\" data-widget_type=\"button.default\">\n\t\t\t\t<div class=\"elementor-widget-container\">\n\t\t\t\t\t<div class=\"elementor-button-wrapper\">\n\t\t\t<a class=\"elementor-button elementor-button-link elementor-size-sm\" href=\"https:\/\/delphi.econtentsys.gr\/index.php\/gallery-2\/%cf%80%ce%b1%ce%bb%ce%b1%ce%b9%ce%bf%cf%87%cf%81%ce%b9%cf%83%cf%84%ce%b9%ce%b1%ce%bd%ce%b9%ce%ba%ce%ae-%ce%b2%ce%b1%cf%83%ce%b9%ce%bb%ce%b9%ce%ba%ce%ae\/\">\n\t\t\t\t\t\t<span class=\"elementor-button-content-wrapper\">\n\t\t\t\t\t\t<span class=\"elementor-button-text\">Photo Gallery<\/span>\n\t\t<\/span>\n\t\t\t\t\t<\/a>\n\t\t<\/div>\n\t\t\t\t<\/div>\n\t\t\t\t<\/div>\n\t\t\t\t<div class=\"elementor-element elementor-element-5ac7467d elementor-widget elementor-widget-text-editor\" data-id=\"5ac7467d\" data-element_type=\"widget\" data-widget_type=\"text-editor.default\">\n\t\t\t\t<div class=\"elementor-widget-container\">\n\t\t\t<style>\/*! elementor - v3.16.0 - 09-10-2023 *\/\n.elementor-widget-text-editor.elementor-drop-cap-view-stacked .elementor-drop-cap{background-color:#69727d;color:#fff}.elementor-widget-text-editor.elementor-drop-cap-view-framed .elementor-drop-cap{color:#69727d;border:3px solid;background-color:transparent}.elementor-widget-text-editor:not(.elementor-drop-cap-view-default) .elementor-drop-cap{margin-top:8px}.elementor-widget-text-editor:not(.elementor-drop-cap-view-default) .elementor-drop-cap-letter{width:1em;height:1em}.elementor-widget-text-editor .elementor-drop-cap{float:left;text-align:center;line-height:1;font-size:50px}.elementor-widget-text-editor .elementor-drop-cap-letter{display:inline-block}<\/style>\t\t\t\t<p>Dans la zone de l&#8217;ancienne \u00e9glise d&#8217;Agios Dimitrios, construite en 1830, les d\u00e9couvertes de fouilles en 1963 ont mis au jour une \u00e9glise byzantine des 5e et 6e apr\u00e8s JC. si\u00e8cle, style royal, [ancienne basilique chr\u00e9tienne] trois nefs. En outre, des tombes, des c\u00e9ramiques, des mosa\u00efques, des morceaux de colonnes, des mosa\u00efques, des chapiteaux, etc., ont \u00e9t\u00e9 trouv\u00e9s. Des recherches scientifiques ult\u00e9rieures rapportent que le plan du monument et d&#8217;autres d\u00e9couvertes int\u00e9ressantes confirment que le temple \u00e0 trois nefs a probablement \u00e9t\u00e9 construit au sommet d&#8217;un ancien temple utilisant les mat\u00e9riaux les plus anciens. <br \/>. <br \/>. <\/p>\n\t\t\t\t\t\t<\/div>\n\t\t\t\t<\/div>\n\t\t\t\t\t<\/div>\n\t\t\t\t<\/div>\n\t\t\t\t\t\t\t<\/div>\n\t\t","protected":false},"excerpt":{"rendered":"<p>Photo Gallery Dans la zone de l&#8217;ancienne \u00e9glise d&#8217;Agios Dimitrios, construite en 1830, les d\u00e9couvertes de fouilles en 1963 ont mis au jour une \u00e9glise byzantine des 5e et 6e apr\u00e8s JC. si\u00e8cle, style royal, [ancienne basilique chr\u00e9tienne] trois nefs. En outre, des tombes, des c\u00e9ramiques, des mosa\u00efques, des morceaux de colonnes, des mosa\u00efques, des [&hellip;]<\/p>\n","protected":false},"author":1,"featured_media":0,"parent":0,"menu_order":0,"comment_status":"closed","ping_status":"closed","template":"","meta":{"_vp_format_video_url":"","_vp_image_focal_point":[],"footnotes":""},"class_list":["post-1531","page","type-page","status-publish","hentry"],"_links":{"self":[{"href":"https:\/\/delphi.econtentsys.gr\/index.php\/wp-json\/wp\/v2\/pages\/1531","targetHints":{"allow":["GET"]}}],"collection":[{"href":"https:\/\/delphi.econtentsys.gr\/index.php\/wp-json\/wp\/v2\/pages"}],"about":[{"href":"https:\/\/delphi.econtentsys.gr\/index.php\/wp-json\/wp\/v2\/types\/page"}],"author":[{"embeddable":true,"href":"https:\/\/delphi.econtentsys.gr\/index.php\/wp-json\/wp\/v2\/users\/1"}],"replies":[{"embeddable":true,"href":"https:\/\/delphi.econtentsys.gr\/index.php\/wp-json\/wp\/v2\/comments?post=1531"}],"version-history":[{"count":5,"href":"https:\/\/delphi.econtentsys.gr\/index.php\/wp-json\/wp\/v2\/pages\/1531\/revisions"}],"predecessor-version":[{"id":3850,"href":"https:\/\/delphi.econtentsys.gr\/index.php\/wp-json\/wp\/v2\/pages\/1531\/revisions\/3850"}],"wp:attachment":[{"href":"https:\/\/delphi.econtentsys.gr\/index.php\/wp-json\/wp\/v2\/media?parent=1531"}],"curies":[{"name":"wp","href":"https:\/\/api.w.org\/{rel}","templated":true}]}}