{"id":1523,"date":"2023-10-08T23:41:07","date_gmt":"2023-10-08T20:41:07","guid":{"rendered":"https:\/\/delphi.econtentsys.gr\/index.php\/eglise-de-la-nativite-de-la-vierge-marie\/"},"modified":"2023-10-14T18:27:38","modified_gmt":"2023-10-14T15:27:38","slug":"eglise-de-la-nativite-de-la-vierge-marie","status":"publish","type":"page","link":"https:\/\/delphi.econtentsys.gr\/index.php\/eglise-de-la-nativite-de-la-vierge-marie\/?lang=fr","title":{"rendered":"\u00c9glise Sainte de la Nativit\u00e9 de la Vierge"},"content":{"rendered":"\t\t<div data-elementor-type=\"wp-page\" data-elementor-id=\"1523\" class=\"elementor elementor-1523 elementor-1514\" data-elementor-post-type=\"page\">\n\t\t\t\t\t\t\t<div class=\"elementor-element elementor-element-a5b5167 e-flex e-con-boxed e-con e-parent\" data-id=\"a5b5167\" data-element_type=\"container\" data-settings=\"{&quot;background_background&quot;:&quot;classic&quot;,&quot;content_width&quot;:&quot;boxed&quot;}\" data-core-v316-plus=\"true\">\n\t\t\t\t\t<div class=\"e-con-inner\">\n\t\t\t\t\t<\/div>\n\t\t\t\t<\/div>\n\t\t<div class=\"elementor-element elementor-element-14d39941 e-flex e-con-boxed e-con e-parent\" data-id=\"14d39941\" data-element_type=\"container\" data-settings=\"{&quot;content_width&quot;:&quot;boxed&quot;}\" data-core-v316-plus=\"true\">\n\t\t\t\t\t<div class=\"e-con-inner\">\n\t\t\t\t<div class=\"elementor-element elementor-element-d4243ef elementor-widget-mobile__width-auto elementor-align-center elementor-widget elementor-widget-button\" data-id=\"d4243ef\" data-element_type=\"widget\" data-widget_type=\"button.default\">\n\t\t\t\t<div class=\"elementor-widget-container\">\n\t\t\t\t\t<div class=\"elementor-button-wrapper\">\n\t\t\t<a class=\"elementor-button elementor-button-link elementor-size-sm\" href=\"https:\/\/delphi.econtentsys.gr\/index.php\/gallery-2\/%ce%b9%ce%b5%cf%81%cf%8c%cf%82-%ce%bd%ce%b1%cf%8c%cf%82-%ce%b3%ce%b5%ce%bd%ce%bd%ce%ae%cf%83%ce%b5%cf%89%cf%82-%cf%84%ce%b7%cf%82-%ce%b8%ce%b5%ce%bf%cf%84%cf%8c%ce%ba%ce%bf%cf%85\/\">\n\t\t\t\t\t\t<span class=\"elementor-button-content-wrapper\">\n\t\t\t\t\t\t<span class=\"elementor-button-text\">Photo Gallery<\/span>\n\t\t<\/span>\n\t\t\t\t\t<\/a>\n\t\t<\/div>\n\t\t\t\t<\/div>\n\t\t\t\t<\/div>\n\t\t\t\t<div class=\"elementor-element elementor-element-5ac7467d elementor-widget elementor-widget-text-editor\" data-id=\"5ac7467d\" data-element_type=\"widget\" data-widget_type=\"text-editor.default\">\n\t\t\t\t<div class=\"elementor-widget-container\">\n\t\t\t<style>\/*! elementor - v3.16.0 - 09-10-2023 *\/\n.elementor-widget-text-editor.elementor-drop-cap-view-stacked .elementor-drop-cap{background-color:#69727d;color:#fff}.elementor-widget-text-editor.elementor-drop-cap-view-framed .elementor-drop-cap{color:#69727d;border:3px solid;background-color:transparent}.elementor-widget-text-editor:not(.elementor-drop-cap-view-default) .elementor-drop-cap{margin-top:8px}.elementor-widget-text-editor:not(.elementor-drop-cap-view-default) .elementor-drop-cap-letter{width:1em;height:1em}.elementor-widget-text-editor .elementor-drop-cap{float:left;text-align:center;line-height:1;font-size:50px}.elementor-widget-text-editor .elementor-drop-cap-letter{display:inline-block}<\/style>\t\t\t\t<p>L&#8217;\u00e9glise a \u00e9t\u00e9 construite vers 1890, le clocher porte une inscription dat\u00e9e de 1892. Construite en pierre de taille, elle est situ\u00e9e dans l&#8217;ancien village de Mariolata, dans le vieux village, comme on l&#8217;appelle aujourd&#8217;hui, et se trouve dans un endroit avec une vue magnifique. On dit que l&#8217;endroit a \u00e9t\u00e9 indiqu\u00e9 par la Vierge Marie. C&#8217;\u00e9tait jusqu&#8217;en 1972 la paroisse de Mariolata, mais le village c\u00e9l\u00e8bre toujours la journ\u00e9e [8\/09], tandis qu&#8217;une autre \u00e9glise a \u00e9t\u00e9 construite dans la nouvelle colonie d\u00e9di\u00e9e \u00e0 &#8220;l&#8217;Assomption de la Vierge&#8221;.    <br \/>En 2002, apr\u00e8s de nombreuses ann\u00e9es, un bapt\u00eame a eu lieu dans le temple et depuis lors, il y a eu des mariages et des bapt\u00eames.<\/p>\n\t\t\t\t\t\t<\/div>\n\t\t\t\t<\/div>\n\t\t\t\t\t<\/div>\n\t\t\t\t<\/div>\n\t\t\t\t\t\t\t<\/div>\n\t\t","protected":false},"excerpt":{"rendered":"<p>Photo Gallery L&#8217;\u00e9glise a \u00e9t\u00e9 construite vers 1890, le clocher porte une inscription dat\u00e9e de 1892. Construite en pierre de taille, elle est situ\u00e9e dans l&#8217;ancien village de Mariolata, dans le vieux village, comme on l&#8217;appelle aujourd&#8217;hui, et se trouve dans un endroit avec une vue magnifique. On dit que l&#8217;endroit a \u00e9t\u00e9 indiqu\u00e9 par [&hellip;]<\/p>\n","protected":false},"author":1,"featured_media":0,"parent":0,"menu_order":0,"comment_status":"closed","ping_status":"closed","template":"","meta":{"_vp_format_video_url":"","_vp_image_focal_point":[],"footnotes":""},"class_list":["post-1523","page","type-page","status-publish","hentry"],"_links":{"self":[{"href":"https:\/\/delphi.econtentsys.gr\/index.php\/wp-json\/wp\/v2\/pages\/1523","targetHints":{"allow":["GET"]}}],"collection":[{"href":"https:\/\/delphi.econtentsys.gr\/index.php\/wp-json\/wp\/v2\/pages"}],"about":[{"href":"https:\/\/delphi.econtentsys.gr\/index.php\/wp-json\/wp\/v2\/types\/page"}],"author":[{"embeddable":true,"href":"https:\/\/delphi.econtentsys.gr\/index.php\/wp-json\/wp\/v2\/users\/1"}],"replies":[{"embeddable":true,"href":"https:\/\/delphi.econtentsys.gr\/index.php\/wp-json\/wp\/v2\/comments?post=1523"}],"version-history":[{"count":5,"href":"https:\/\/delphi.econtentsys.gr\/index.php\/wp-json\/wp\/v2\/pages\/1523\/revisions"}],"predecessor-version":[{"id":3744,"href":"https:\/\/delphi.econtentsys.gr\/index.php\/wp-json\/wp\/v2\/pages\/1523\/revisions\/3744"}],"wp:attachment":[{"href":"https:\/\/delphi.econtentsys.gr\/index.php\/wp-json\/wp\/v2\/media?parent=1523"}],"curies":[{"name":"wp","href":"https:\/\/api.w.org\/{rel}","templated":true}]}}