{"id":1467,"date":"2023-10-08T23:26:14","date_gmt":"2023-10-08T20:26:14","guid":{"rendered":"https:\/\/delphi.econtentsys.gr\/index.php\/chapelles-chapelles-monasteres\/"},"modified":"2023-10-18T15:59:28","modified_gmt":"2023-10-18T12:59:28","slug":"chapelles-chapelles-monasteres","status":"publish","type":"page","link":"https:\/\/delphi.econtentsys.gr\/index.php\/chapelles-chapelles-monasteres\/?lang=fr","title":{"rendered":"Chapelles &amp; Monast\u00e8res"},"content":{"rendered":"\t\t<div data-elementor-type=\"wp-page\" data-elementor-id=\"1467\" class=\"elementor elementor-1467 elementor-1456\" data-elementor-post-type=\"page\">\n\t\t\t\t\t\t\t<div class=\"elementor-element elementor-element-a5b5167 e-flex e-con-boxed e-con e-parent\" data-id=\"a5b5167\" data-element_type=\"container\" data-settings=\"{&quot;background_background&quot;:&quot;classic&quot;,&quot;content_width&quot;:&quot;boxed&quot;}\" data-core-v316-plus=\"true\">\n\t\t\t\t\t<div class=\"e-con-inner\">\n\t\t\t\t\t<\/div>\n\t\t\t\t<\/div>\n\t\t<div class=\"elementor-element elementor-element-85304b5 e-flex e-con-boxed e-con e-parent\" data-id=\"85304b5\" data-element_type=\"container\" data-settings=\"{&quot;content_width&quot;:&quot;boxed&quot;}\" data-core-v316-plus=\"true\">\n\t\t\t\t\t<div class=\"e-con-inner\">\n\t\t<div class=\"elementor-element elementor-element-7dc4e51 e-flex e-con-boxed e-con e-child\" data-id=\"7dc4e51\" data-element_type=\"container\" data-settings=\"{&quot;content_width&quot;:&quot;boxed&quot;}\">\n\t\t\t\t\t<div class=\"e-con-inner\">\n\t\t<div class=\"elementor-element elementor-element-278d7e8 e-con-full e-flex e-con e-child\" data-id=\"278d7e8\" data-element_type=\"container\" data-settings=\"{&quot;content_width&quot;:&quot;full&quot;}\">\n\t\t\t\t<div class=\"elementor-element elementor-element-e5aa289 elementor-widget-mobile__width-auto elementor-widget elementor-widget-button\" data-id=\"e5aa289\" data-element_type=\"widget\" data-widget_type=\"button.default\">\n\t\t\t\t<div class=\"elementor-widget-container\">\n\t\t\t\t\t<div class=\"elementor-button-wrapper\">\n\t\t\t<a class=\"elementor-button elementor-button-link elementor-size-sm\" href=\"https:\/\/delphi.econtentsys.gr\/index.php\/gallery-2\/%ce%b5%ce%be%cf%89%ce%ba%ce%bb%ce%ae%cf%83%ce%b9%ce%b1-%ce%bc%ce%bf%ce%bd%ce%ad%cf%82\/\">\n\t\t\t\t\t\t<span class=\"elementor-button-content-wrapper\">\n\t\t\t\t\t\t<span class=\"elementor-button-text\">Photo Gallery<\/span>\n\t\t<\/span>\n\t\t\t\t\t<\/a>\n\t\t<\/div>\n\t\t\t\t<\/div>\n\t\t\t\t<\/div>\n\t\t\t\t<\/div>\n\t\t<div class=\"elementor-element elementor-element-c3deb4f e-con-full e-flex e-con e-child\" data-id=\"c3deb4f\" data-element_type=\"container\" data-settings=\"{&quot;content_width&quot;:&quot;full&quot;}\">\n\t\t\t\t<div class=\"elementor-element elementor-element-bad1362 elementor-widget-mobile__width-auto elementor-widget elementor-widget-button\" data-id=\"bad1362\" data-element_type=\"widget\" data-widget_type=\"button.default\">\n\t\t\t\t<div class=\"elementor-widget-container\">\n\t\t\t\t\t<div class=\"elementor-button-wrapper\">\n\t\t\t<a class=\"elementor-button elementor-button-link elementor-size-sm\" href=\"https:\/\/delphi.econtentsys.gr\/index.php\/%cf%80%ce%b1%ce%bd%cf%8c%cf%81%ce%b1%ce%bc%ce%b1-%ce%b5%ce%be%cf%89%ce%ba%ce%bb%ce%ae%cf%83%ce%b9%ce%b1-%ce%bc%ce%bf%ce%bd%ce%ad%cf%82\/\">\n\t\t\t\t\t\t<span class=\"elementor-button-content-wrapper\">\n\t\t\t\t\t\t<span class=\"elementor-button-text\">Video Gallery<\/span>\n\t\t<\/span>\n\t\t\t\t\t<\/a>\n\t\t<\/div>\n\t\t\t\t<\/div>\n\t\t\t\t<\/div>\n\t\t\t\t<\/div>\n\t\t\t\t\t<\/div>\n\t\t\t\t<\/div>\n\t\t\t\t\t<\/div>\n\t\t\t\t<\/div>\n\t\t<div class=\"elementor-element elementor-element-14d39941 e-flex e-con-boxed e-con e-parent\" data-id=\"14d39941\" data-element_type=\"container\" data-settings=\"{&quot;content_width&quot;:&quot;boxed&quot;}\" data-core-v316-plus=\"true\">\n\t\t\t\t\t<div class=\"e-con-inner\">\n\t\t\t\t<div class=\"elementor-element elementor-element-5ac7467d elementor-widget elementor-widget-text-editor\" data-id=\"5ac7467d\" data-element_type=\"widget\" data-widget_type=\"text-editor.default\">\n\t\t\t\t<div class=\"elementor-widget-container\">\n\t\t\t<style>\/*! elementor - v3.16.0 - 09-10-2023 *\/\n.elementor-widget-text-editor.elementor-drop-cap-view-stacked .elementor-drop-cap{background-color:#69727d;color:#fff}.elementor-widget-text-editor.elementor-drop-cap-view-framed .elementor-drop-cap{color:#69727d;border:3px solid;background-color:transparent}.elementor-widget-text-editor:not(.elementor-drop-cap-view-default) .elementor-drop-cap{margin-top:8px}.elementor-widget-text-editor:not(.elementor-drop-cap-view-default) .elementor-drop-cap-letter{width:1em;height:1em}.elementor-widget-text-editor .elementor-drop-cap{float:left;text-align:center;line-height:1;font-size:50px}.elementor-widget-text-editor .elementor-drop-cap-letter{display:inline-block}<\/style>\t\t\t\t<p>Agios Georgios \u00e0 Gkoura, au bord d&#8217;un vaste gouffre du Parnasse, parmi les sapins et la verdure, est une source d&#8217;inspiration pour le p\u00e8lerin. Au d\u00e9part, il fonctionnait le 8 mai, le jour de la Saint Jean le Th\u00e9ologien, mais ces derni\u00e8res ann\u00e9es, il a \u00e9t\u00e9 \u00e9tabli qu&#8217;il fonctionnerait le jour du 1er mai, tout en organisant des \u00e9v\u00e9nements. En juillet 2003, un mariage a \u00e9t\u00e9 c\u00e9l\u00e9br\u00e9 dans la chapelle.<\/p>\n<p>Le proph\u00e8te Elias \u00e0 Koutsaletra dans le Goura, regardant le village d&#8217;en haut, justicier vigilant. Elle est c\u00e9l\u00e9br\u00e9e le 20 juillet et est ouverte au moins une fois par an. Itin\u00e9raire id\u00e9al pour se promener depuis le village de Variani.<br \/>Une impressionnante \u00e9glise d&#8217;Agios Athanasios pr\u00e8s du cimeti\u00e8re du village<\/p>\n<p>Le monast\u00e8re byzantin de Panagia Pantanassa est situ\u00e9 dans un cadre magnifique et verdoyant, \u00e0 quelques minutes de notre village. Le monast\u00e8re a \u00e9t\u00e9 construit au XVe si\u00e8cle et fait partie des monast\u00e8res dont les moines ont \u00e9t\u00e9 martyris\u00e9s par les Turcs. En octobre 1942, il a \u00e9t\u00e9 incendi\u00e9 par l&#8217;arm\u00e9e d&#8217;occupation italienne et le feu a d\u00e9truit le complexe de cellules et le contenu de l&#8217;\u00e9glise catholique, mais les hagiographies byzantines ont \u00e9t\u00e9 sauv\u00e9es. Il se trouve \u00e0 environ 5 km de Mariolata, par une route de terre praticable pour les bus.<\/p>\n\t\t\t\t\t\t<\/div>\n\t\t\t\t<\/div>\n\t\t\t\t\t<\/div>\n\t\t\t\t<\/div>\n\t\t\t\t\t\t\t<\/div>\n\t\t","protected":false},"excerpt":{"rendered":"<p>Photo Gallery Video Gallery Agios Georgios \u00e0 Gkoura, au bord d&#8217;un vaste gouffre du Parnasse, parmi les sapins et la verdure, est une source d&#8217;inspiration pour le p\u00e8lerin. Au d\u00e9part, il fonctionnait le 8 mai, le jour de la Saint Jean le Th\u00e9ologien, mais ces derni\u00e8res ann\u00e9es, il a \u00e9t\u00e9 \u00e9tabli qu&#8217;il fonctionnerait le jour [&hellip;]<\/p>\n","protected":false},"author":1,"featured_media":0,"parent":0,"menu_order":0,"comment_status":"closed","ping_status":"closed","template":"","meta":{"_vp_format_video_url":"","_vp_image_focal_point":[],"footnotes":""},"class_list":["post-1467","page","type-page","status-publish","hentry"],"_links":{"self":[{"href":"https:\/\/delphi.econtentsys.gr\/index.php\/wp-json\/wp\/v2\/pages\/1467","targetHints":{"allow":["GET"]}}],"collection":[{"href":"https:\/\/delphi.econtentsys.gr\/index.php\/wp-json\/wp\/v2\/pages"}],"about":[{"href":"https:\/\/delphi.econtentsys.gr\/index.php\/wp-json\/wp\/v2\/types\/page"}],"author":[{"embeddable":true,"href":"https:\/\/delphi.econtentsys.gr\/index.php\/wp-json\/wp\/v2\/users\/1"}],"replies":[{"embeddable":true,"href":"https:\/\/delphi.econtentsys.gr\/index.php\/wp-json\/wp\/v2\/comments?post=1467"}],"version-history":[{"count":10,"href":"https:\/\/delphi.econtentsys.gr\/index.php\/wp-json\/wp\/v2\/pages\/1467\/revisions"}],"predecessor-version":[{"id":4304,"href":"https:\/\/delphi.econtentsys.gr\/index.php\/wp-json\/wp\/v2\/pages\/1467\/revisions\/4304"}],"wp:attachment":[{"href":"https:\/\/delphi.econtentsys.gr\/index.php\/wp-json\/wp\/v2\/media?parent=1467"}],"curies":[{"name":"wp","href":"https:\/\/api.w.org\/{rel}","templated":true}]}}