{"id":1428,"date":"2023-10-08T20:46:21","date_gmt":"2023-10-08T17:46:21","guid":{"rendered":"https:\/\/delphi.econtentsys.gr\/index.php\/stade-municipal-centre-culturel\/"},"modified":"2023-10-18T00:42:41","modified_gmt":"2023-10-17T21:42:41","slug":"stade-municipal-centre-culturel","status":"publish","type":"page","link":"https:\/\/delphi.econtentsys.gr\/index.php\/stade-municipal-centre-culturel\/?lang=fr","title":{"rendered":"Stade municipal &amp; Centre culturel"},"content":{"rendered":"\t\t<div data-elementor-type=\"wp-page\" data-elementor-id=\"1428\" class=\"elementor elementor-1428 elementor-1417\" data-elementor-post-type=\"page\">\n\t\t\t\t\t\t\t<div class=\"elementor-element elementor-element-a5b5167 e-flex e-con-boxed e-con e-parent\" data-id=\"a5b5167\" data-element_type=\"container\" data-settings=\"{&quot;background_background&quot;:&quot;classic&quot;,&quot;content_width&quot;:&quot;boxed&quot;}\" data-core-v316-plus=\"true\">\n\t\t\t\t\t<div class=\"e-con-inner\">\n\t\t\t\t\t<\/div>\n\t\t\t\t<\/div>\n\t\t<div class=\"elementor-element elementor-element-2249726 e-flex e-con-boxed e-con e-parent\" data-id=\"2249726\" data-element_type=\"container\" data-settings=\"{&quot;content_width&quot;:&quot;boxed&quot;}\" data-core-v316-plus=\"true\">\n\t\t\t\t\t<div class=\"e-con-inner\">\n\t\t<div class=\"elementor-element elementor-element-2e60140 e-con-full e-flex e-con e-child\" data-id=\"2e60140\" data-element_type=\"container\" data-settings=\"{&quot;content_width&quot;:&quot;full&quot;}\">\n\t\t\t\t<div class=\"elementor-element elementor-element-4575da9 elementor-widget-mobile__width-auto elementor-widget elementor-widget-button\" data-id=\"4575da9\" data-element_type=\"widget\" data-widget_type=\"button.default\">\n\t\t\t\t<div class=\"elementor-widget-container\">\n\t\t\t\t\t<div class=\"elementor-button-wrapper\">\n\t\t\t<a class=\"elementor-button elementor-button-link elementor-size-sm\" href=\"https:\/\/delphi.econtentsys.gr\/index.php\/gallery-2\/%ce%b4%ce%b7%ce%bc%ce%bf%cf%84%ce%b9%ce%ba%ce%bf-%ce%b3%ce%ae%cf%80%ce%b5%ce%b4%ce%bf-%cf%80%ce%bf%ce%bb%ce%b9%cf%84%ce%b9%cf%83%cf%84%ce%b9%ce%ba%cf%8c-%ce%ba%ce%ad%ce%bd%cf%84%cf%81%ce%bf\/\">\n\t\t\t\t\t\t<span class=\"elementor-button-content-wrapper\">\n\t\t\t\t\t\t<span class=\"elementor-button-text\">Photo Gallery<\/span>\n\t\t<\/span>\n\t\t\t\t\t<\/a>\n\t\t<\/div>\n\t\t\t\t<\/div>\n\t\t\t\t<\/div>\n\t\t\t\t<\/div>\n\t\t<div class=\"elementor-element elementor-element-bba6154 e-con-full e-flex e-con e-child\" data-id=\"bba6154\" data-element_type=\"container\" data-settings=\"{&quot;content_width&quot;:&quot;full&quot;}\">\n\t\t\t\t<div class=\"elementor-element elementor-element-3fe4f7e elementor-widget-mobile__width-auto elementor-widget elementor-widget-button\" data-id=\"3fe4f7e\" data-element_type=\"widget\" data-widget_type=\"button.default\">\n\t\t\t\t<div class=\"elementor-widget-container\">\n\t\t\t\t\t<div class=\"elementor-button-wrapper\">\n\t\t\t<a class=\"elementor-button elementor-button-link elementor-size-sm\" href=\"https:\/\/delphi.econtentsys.gr\/index.php\/videos-delphi\/?lang=fr\">\n\t\t\t\t\t\t<span class=\"elementor-button-content-wrapper\">\n\t\t\t\t\t\t<span class=\"elementor-button-text\">360 Panoramique<\/span>\n\t\t<\/span>\n\t\t\t\t\t<\/a>\n\t\t<\/div>\n\t\t\t\t<\/div>\n\t\t\t\t<\/div>\n\t\t\t\t<\/div>\n\t\t\t\t\t<\/div>\n\t\t\t\t<\/div>\n\t\t<div class=\"elementor-element elementor-element-14d39941 e-flex e-con-boxed e-con e-parent\" data-id=\"14d39941\" data-element_type=\"container\" data-settings=\"{&quot;content_width&quot;:&quot;boxed&quot;}\" data-core-v316-plus=\"true\">\n\t\t\t\t\t<div class=\"e-con-inner\">\n\t\t\t\t<div class=\"elementor-element elementor-element-5ac7467d elementor-widget elementor-widget-text-editor\" data-id=\"5ac7467d\" data-element_type=\"widget\" data-widget_type=\"text-editor.default\">\n\t\t\t\t<div class=\"elementor-widget-container\">\n\t\t\t<style>\/*! elementor - v3.16.0 - 09-10-2023 *\/\n.elementor-widget-text-editor.elementor-drop-cap-view-stacked .elementor-drop-cap{background-color:#69727d;color:#fff}.elementor-widget-text-editor.elementor-drop-cap-view-framed .elementor-drop-cap{color:#69727d;border:3px solid;background-color:transparent}.elementor-widget-text-editor:not(.elementor-drop-cap-view-default) .elementor-drop-cap{margin-top:8px}.elementor-widget-text-editor:not(.elementor-drop-cap-view-default) .elementor-drop-cap-letter{width:1em;height:1em}.elementor-widget-text-editor .elementor-drop-cap{float:left;text-align:center;line-height:1;font-size:50px}.elementor-widget-text-editor .elementor-drop-cap-letter{display:inline-block}<\/style>\t\t\t\t<p>Le stade Gravia est le si\u00e8ge de l&#8217;\u00e9quipe historique AO GRAVIAS &#8220;ODYSSEAS ANROUTSOS&#8221; qui a \u00e9t\u00e9 fond\u00e9e en 1959 et ses couleurs sont le bleu et le blanc. Dans le Centre Culturel de Gravia, de nombreux \u00e9v\u00e9nements sont organis\u00e9s en leur sein et l&#8217;anniversaire chaque ann\u00e9e pour l&#8217;importance historique et d\u00e9cisive, pour l&#8217;issue de la lutte de lib\u00e9ration nationale, Bataille de Hani de Gravia. L&#8217;Association des femmes de Gravia est tr\u00e8s pr\u00e9sente ici.  <\/p>\n\t\t\t\t\t\t<\/div>\n\t\t\t\t<\/div>\n\t\t\t\t\t<\/div>\n\t\t\t\t<\/div>\n\t\t\t\t\t\t\t<\/div>\n\t\t","protected":false},"excerpt":{"rendered":"<p>Photo Gallery 360 Panoramique Le stade Gravia est le si\u00e8ge de l&#8217;\u00e9quipe historique AO GRAVIAS &#8220;ODYSSEAS ANROUTSOS&#8221; qui a \u00e9t\u00e9 fond\u00e9e en 1959 et ses couleurs sont le bleu et le blanc. Dans le Centre Culturel de Gravia, de nombreux \u00e9v\u00e9nements sont organis\u00e9s en leur sein et l&#8217;anniversaire chaque ann\u00e9e pour l&#8217;importance historique et d\u00e9cisive, [&hellip;]<\/p>\n","protected":false},"author":1,"featured_media":0,"parent":0,"menu_order":0,"comment_status":"closed","ping_status":"closed","template":"","meta":{"_vp_format_video_url":"","_vp_image_focal_point":[],"footnotes":""},"class_list":["post-1428","page","type-page","status-publish","hentry"],"_links":{"self":[{"href":"https:\/\/delphi.econtentsys.gr\/index.php\/wp-json\/wp\/v2\/pages\/1428","targetHints":{"allow":["GET"]}}],"collection":[{"href":"https:\/\/delphi.econtentsys.gr\/index.php\/wp-json\/wp\/v2\/pages"}],"about":[{"href":"https:\/\/delphi.econtentsys.gr\/index.php\/wp-json\/wp\/v2\/types\/page"}],"author":[{"embeddable":true,"href":"https:\/\/delphi.econtentsys.gr\/index.php\/wp-json\/wp\/v2\/users\/1"}],"replies":[{"embeddable":true,"href":"https:\/\/delphi.econtentsys.gr\/index.php\/wp-json\/wp\/v2\/comments?post=1428"}],"version-history":[{"count":8,"href":"https:\/\/delphi.econtentsys.gr\/index.php\/wp-json\/wp\/v2\/pages\/1428\/revisions"}],"predecessor-version":[{"id":4140,"href":"https:\/\/delphi.econtentsys.gr\/index.php\/wp-json\/wp\/v2\/pages\/1428\/revisions\/4140"}],"wp:attachment":[{"href":"https:\/\/delphi.econtentsys.gr\/index.php\/wp-json\/wp\/v2\/media?parent=1428"}],"curies":[{"name":"wp","href":"https:\/\/api.w.org\/{rel}","templated":true}]}}