{"id":1401,"date":"2023-10-08T20:37:43","date_gmt":"2023-10-08T17:37:43","guid":{"rendered":"https:\/\/delphi.econtentsys.gr\/index.php\/cimetiere-des-allies-cimetiere-de-bralos\/"},"modified":"2023-10-18T11:38:00","modified_gmt":"2023-10-18T08:38:00","slug":"cimetiere-des-allies-cimetiere-de-bralos","status":"publish","type":"page","link":"https:\/\/delphi.econtentsys.gr\/index.php\/cimetiere-des-allies-cimetiere-de-bralos\/?lang=fr","title":{"rendered":"Cimeti\u00e8re des Alli\u00e9s du Bralos (Gravia)"},"content":{"rendered":"\t\t<div data-elementor-type=\"wp-page\" data-elementor-id=\"1401\" class=\"elementor elementor-1401 elementor-1389\" data-elementor-post-type=\"page\">\n\t\t\t\t\t\t\t<div class=\"elementor-element elementor-element-a5b5167 e-flex e-con-boxed e-con e-parent\" data-id=\"a5b5167\" data-element_type=\"container\" data-settings=\"{&quot;background_background&quot;:&quot;classic&quot;,&quot;content_width&quot;:&quot;boxed&quot;}\" data-core-v316-plus=\"true\">\n\t\t\t\t\t<div class=\"e-con-inner\">\n\t\t<div class=\"elementor-element elementor-element-aa5138b e-con-full e-flex e-con e-child\" data-id=\"aa5138b\" data-element_type=\"container\" data-settings=\"{&quot;content_width&quot;:&quot;full&quot;}\">\n\t\t\t\t<div class=\"elementor-element elementor-element-4575da9 elementor-widget-mobile__width-auto elementor-absolute elementor-widget elementor-widget-button\" data-id=\"4575da9\" data-element_type=\"widget\" data-settings=\"{&quot;_position&quot;:&quot;absolute&quot;}\" data-widget_type=\"button.default\">\n\t\t\t\t<div class=\"elementor-widget-container\">\n\t\t\t\t\t<div class=\"elementor-button-wrapper\">\n\t\t\t<a class=\"elementor-button elementor-button-link elementor-size-sm\" href=\"https:\/\/delphi.econtentsys.gr\/index.php\/gallery-2\/%cf%83%cf%85%ce%bc%ce%bc%ce%b1%cf%87%ce%b9%ce%ba%cf%8c-%ce%bd%ce%b5%ce%ba%cf%81%ce%bf%cf%84%ce%b1%cf%86%ce%b5%ce%af%ce%bf-%ce%bc%cf%80%cf%81%ce%ac%ce%bb%ce%bf%cf%85\/\">\n\t\t\t\t\t\t<span class=\"elementor-button-content-wrapper\">\n\t\t\t\t\t\t<span class=\"elementor-button-text\">Photo Gallery<\/span>\n\t\t<\/span>\n\t\t\t\t\t<\/a>\n\t\t<\/div>\n\t\t\t\t<\/div>\n\t\t\t\t<\/div>\n\t\t\t\t<\/div>\n\t\t<div class=\"elementor-element elementor-element-c135935 e-con-full e-flex e-con e-child\" data-id=\"c135935\" data-element_type=\"container\" data-settings=\"{&quot;content_width&quot;:&quot;full&quot;}\">\n\t\t\t\t<div class=\"elementor-element elementor-element-f72dc39 elementor-widget-mobile__width-auto elementor-absolute elementor-widget elementor-widget-button\" data-id=\"f72dc39\" data-element_type=\"widget\" data-settings=\"{&quot;_position&quot;:&quot;absolute&quot;}\" data-widget_type=\"button.default\">\n\t\t\t\t<div class=\"elementor-widget-container\">\n\t\t\t\t\t<div class=\"elementor-button-wrapper\">\n\t\t\t<a class=\"elementor-button elementor-button-link elementor-size-sm\" href=\"https:\/\/delphi.econtentsys.gr\/index.php\/%cf%80%ce%b1%ce%bd%cf%8c%cf%81%ce%b1%ce%bc%ce%b1-%cf%83%cf%85%ce%bc%ce%bc%ce%b1%cf%87%ce%b9%ce%ba%cf%8c-%ce%bd%ce%b5%ce%ba%cf%81%ce%bf%cf%84%ce%b1%cf%86%ce%b5%ce%af%ce%bf-%ce%bc%cf%80%cf%81%ce%ac\/\">\n\t\t\t\t\t\t<span class=\"elementor-button-content-wrapper\">\n\t\t\t\t\t\t<span class=\"elementor-button-text\">360 Panoramique<\/span>\n\t\t<\/span>\n\t\t\t\t\t<\/a>\n\t\t<\/div>\n\t\t\t\t<\/div>\n\t\t\t\t<\/div>\n\t\t\t\t<\/div>\n\t\t\t\t\t<\/div>\n\t\t\t\t<\/div>\n\t\t<div class=\"elementor-element elementor-element-14d39941 e-flex e-con-boxed e-con e-parent\" data-id=\"14d39941\" data-element_type=\"container\" data-settings=\"{&quot;content_width&quot;:&quot;boxed&quot;}\" data-core-v316-plus=\"true\">\n\t\t\t\t\t<div class=\"e-con-inner\">\n\t\t\t\t<div class=\"elementor-element elementor-element-5ac7467d elementor-widget elementor-widget-text-editor\" data-id=\"5ac7467d\" data-element_type=\"widget\" data-widget_type=\"text-editor.default\">\n\t\t\t\t<div class=\"elementor-widget-container\">\n\t\t\t<style>\/*! elementor - v3.16.0 - 09-10-2023 *\/\n.elementor-widget-text-editor.elementor-drop-cap-view-stacked .elementor-drop-cap{background-color:#69727d;color:#fff}.elementor-widget-text-editor.elementor-drop-cap-view-framed .elementor-drop-cap{color:#69727d;border:3px solid;background-color:transparent}.elementor-widget-text-editor:not(.elementor-drop-cap-view-default) .elementor-drop-cap{margin-top:8px}.elementor-widget-text-editor:not(.elementor-drop-cap-view-default) .elementor-drop-cap-letter{width:1em;height:1em}.elementor-widget-text-editor .elementor-drop-cap{float:left;text-align:center;line-height:1;font-size:50px}.elementor-widget-text-editor .elementor-drop-cap-letter{display:inline-block}<\/style>\t\t\t\t<p>Un peu \u00e0 l\u2019\u00e9cart de Gravia, sur la route menant \u00e0 Lamia, on rencontre le cimeti\u00e8re des alli\u00e9s de Bralos. De 1917 \u00e0 1920, il accueillit comme leur derni\u00e8re demeure 102 soldats des forces arm\u00e9es alli\u00e9es qui laiss\u00e8rent leur dernier souffle dans la r\u00e9gion. Durant la Premi\u00e8re Guerre Mondiale, les forces de l\u2019Entente utilisaient le port d\u2019It\u00e9a et la ligne de chemin de fer du Bralos pour le transport des vivres et munitions de Tarente en Italie vers le front de Mac\u00e9doine. Le cimeti\u00e8re, entretenu sans discontinuer, constituera \u00e0 jamais un monument rappelant comment les guerres en cette vie d\u00e9terminent le destins des hommes partout sur la terre.   <\/p>\n\t\t\t\t\t\t<\/div>\n\t\t\t\t<\/div>\n\t\t\t\t\t<\/div>\n\t\t\t\t<\/div>\n\t\t\t\t\t\t\t<\/div>\n\t\t","protected":false},"excerpt":{"rendered":"<p>Photo Gallery 360 Panoramique Un peu \u00e0 l\u2019\u00e9cart de Gravia, sur la route menant \u00e0 Lamia, on rencontre le cimeti\u00e8re des alli\u00e9s de Bralos. De 1917 \u00e0 1920, il accueillit comme leur derni\u00e8re demeure 102 soldats des forces arm\u00e9es alli\u00e9es qui laiss\u00e8rent leur dernier souffle dans la r\u00e9gion. Durant la Premi\u00e8re Guerre Mondiale, les forces [&hellip;]<\/p>\n","protected":false},"author":1,"featured_media":0,"parent":0,"menu_order":0,"comment_status":"closed","ping_status":"closed","template":"","meta":{"_vp_format_video_url":"","_vp_image_focal_point":[],"footnotes":""},"class_list":["post-1401","page","type-page","status-publish","hentry"],"_links":{"self":[{"href":"https:\/\/delphi.econtentsys.gr\/index.php\/wp-json\/wp\/v2\/pages\/1401","targetHints":{"allow":["GET"]}}],"collection":[{"href":"https:\/\/delphi.econtentsys.gr\/index.php\/wp-json\/wp\/v2\/pages"}],"about":[{"href":"https:\/\/delphi.econtentsys.gr\/index.php\/wp-json\/wp\/v2\/types\/page"}],"author":[{"embeddable":true,"href":"https:\/\/delphi.econtentsys.gr\/index.php\/wp-json\/wp\/v2\/users\/1"}],"replies":[{"embeddable":true,"href":"https:\/\/delphi.econtentsys.gr\/index.php\/wp-json\/wp\/v2\/comments?post=1401"}],"version-history":[{"count":8,"href":"https:\/\/delphi.econtentsys.gr\/index.php\/wp-json\/wp\/v2\/pages\/1401\/revisions"}],"predecessor-version":[{"id":4265,"href":"https:\/\/delphi.econtentsys.gr\/index.php\/wp-json\/wp\/v2\/pages\/1401\/revisions\/4265"}],"wp:attachment":[{"href":"https:\/\/delphi.econtentsys.gr\/index.php\/wp-json\/wp\/v2\/media?parent=1401"}],"curies":[{"name":"wp","href":"https:\/\/api.w.org\/{rel}","templated":true}]}}