{"id":1392,"date":"2023-10-08T20:32:11","date_gmt":"2023-10-08T17:32:11","guid":{"rendered":"https:\/\/delphi.econtentsys.gr\/index.php\/hani-gravia\/"},"modified":"2023-10-18T11:38:18","modified_gmt":"2023-10-18T08:38:18","slug":"hani-gravia","status":"publish","type":"page","link":"https:\/\/delphi.econtentsys.gr\/index.php\/hani-gravia\/?lang=fr","title":{"rendered":"Khan de Gravia"},"content":{"rendered":"\t\t<div data-elementor-type=\"wp-page\" data-elementor-id=\"1392\" class=\"elementor elementor-1392 elementor-1382\" data-elementor-post-type=\"page\">\n\t\t\t\t\t\t\t<div class=\"elementor-element elementor-element-a5b5167 e-flex e-con-boxed e-con e-parent\" data-id=\"a5b5167\" data-element_type=\"container\" data-settings=\"{&quot;background_background&quot;:&quot;classic&quot;,&quot;content_width&quot;:&quot;boxed&quot;}\" data-core-v316-plus=\"true\">\n\t\t\t\t\t<div class=\"e-con-inner\">\n\t\t<div class=\"elementor-element elementor-element-aa5138b e-con-full e-flex e-con e-child\" data-id=\"aa5138b\" data-element_type=\"container\" data-settings=\"{&quot;content_width&quot;:&quot;full&quot;}\">\n\t\t\t\t<div class=\"elementor-element elementor-element-4575da9 elementor-widget-mobile__width-auto elementor-absolute elementor-widget elementor-widget-button\" data-id=\"4575da9\" data-element_type=\"widget\" data-settings=\"{&quot;_position&quot;:&quot;absolute&quot;}\" data-widget_type=\"button.default\">\n\t\t\t\t<div class=\"elementor-widget-container\">\n\t\t\t\t\t<div class=\"elementor-button-wrapper\">\n\t\t\t<a class=\"elementor-button elementor-button-link elementor-size-sm\" href=\"https:\/\/delphi.econtentsys.gr\/index.php\/portfolio\/2622\/\">\n\t\t\t\t\t\t<span class=\"elementor-button-content-wrapper\">\n\t\t\t\t\t\t<span class=\"elementor-button-text\">Photo Gallery<\/span>\n\t\t<\/span>\n\t\t\t\t\t<\/a>\n\t\t<\/div>\n\t\t\t\t<\/div>\n\t\t\t\t<\/div>\n\t\t\t\t<\/div>\n\t\t<div class=\"elementor-element elementor-element-c135935 e-con-full e-flex e-con e-child\" data-id=\"c135935\" data-element_type=\"container\" data-settings=\"{&quot;content_width&quot;:&quot;full&quot;}\">\n\t\t\t\t<div class=\"elementor-element elementor-element-f72dc39 elementor-widget-mobile__width-auto elementor-absolute elementor-widget elementor-widget-button\" data-id=\"f72dc39\" data-element_type=\"widget\" data-settings=\"{&quot;_position&quot;:&quot;absolute&quot;}\" data-widget_type=\"button.default\">\n\t\t\t\t<div class=\"elementor-widget-container\">\n\t\t\t\t\t<div class=\"elementor-button-wrapper\">\n\t\t\t<a class=\"elementor-button elementor-button-link elementor-size-sm\" href=\"https:\/\/delphi.econtentsys.gr\/index.php\/%cf%80%ce%b1%ce%bd%cf%8c%cf%81%ce%b1%ce%bc%ce%b1-%cf%87%ce%ac%ce%bd%ce%b9-%ce%b3%cf%81%ce%b1%ce%b2%ce%b9%ce%ac%cf%82\/\">\n\t\t\t\t\t\t<span class=\"elementor-button-content-wrapper\">\n\t\t\t\t\t\t<span class=\"elementor-button-text\">360 Panoramique<\/span>\n\t\t<\/span>\n\t\t\t\t\t<\/a>\n\t\t<\/div>\n\t\t\t\t<\/div>\n\t\t\t\t<\/div>\n\t\t\t\t<\/div>\n\t\t\t\t\t<\/div>\n\t\t\t\t<\/div>\n\t\t<div class=\"elementor-element elementor-element-14d39941 e-flex e-con-boxed e-con e-parent\" data-id=\"14d39941\" data-element_type=\"container\" data-settings=\"{&quot;content_width&quot;:&quot;boxed&quot;}\" data-core-v316-plus=\"true\">\n\t\t\t\t\t<div class=\"e-con-inner\">\n\t\t\t\t<div class=\"elementor-element elementor-element-5ac7467d elementor-widget elementor-widget-text-editor\" data-id=\"5ac7467d\" data-element_type=\"widget\" data-widget_type=\"text-editor.default\">\n\t\t\t\t<div class=\"elementor-widget-container\">\n\t\t\t<style>\/*! elementor - v3.16.0 - 09-10-2023 *\/\n.elementor-widget-text-editor.elementor-drop-cap-view-stacked .elementor-drop-cap{background-color:#69727d;color:#fff}.elementor-widget-text-editor.elementor-drop-cap-view-framed .elementor-drop-cap{color:#69727d;border:3px solid;background-color:transparent}.elementor-widget-text-editor:not(.elementor-drop-cap-view-default) .elementor-drop-cap{margin-top:8px}.elementor-widget-text-editor:not(.elementor-drop-cap-view-default) .elementor-drop-cap-letter{width:1em;height:1em}.elementor-widget-text-editor .elementor-drop-cap{float:left;text-align:center;line-height:1;font-size:50px}.elementor-widget-text-editor .elementor-drop-cap-letter{display:inline-block}<\/style>\t\t\t\t<p>Gravia abritait autrefois un Khan pour les voyageurs de passage. Le 8 mai 1821 cependant, ce Khan se mua en l\u2019un des plus forts symboles de courage, de d\u00e9termination et d\u2019abn\u00e9gation du peuple grec. Ce jour-l\u00e0, le combattant Odyss\u00e9as Androutsos et ses 118 braves utilis\u00e8rent le Khan de Gravia pour stopper la marche des Ottomans sur le reste de la Roum\u00e9lie et la Gr\u00e8ce M\u00e9ridionale. Nonobstant leur nombre limit\u00e9, ils parvinrent \u00e0 stopper une troupe militaire enti\u00e8re. Le Khan fut r\u00e9nov\u00e9 \u00e0 la fin des ann\u00e9es 1990 et il se tient aujourd\u2019hui comme un monument traditionnel fort qui nous transpose dans le climat de l\u2019\u00e9poque et permet aux visiteurs de voyager dans le temps pour vivre \u2013ne f\u00fbt-ce que quelques instants- la puissance de l\u2019\u00e9nergie de la terre que foul\u00e8rent les hommes qui combattirent pour les id\u00e9aux de libert\u00e9.    <br \/>En face de Khan de Gravia se trouve l&#8217;imposante \u00e9glise d&#8217;Agios Athanasios.<\/p>\n\t\t\t\t\t\t<\/div>\n\t\t\t\t<\/div>\n\t\t\t\t\t<\/div>\n\t\t\t\t<\/div>\n\t\t\t\t\t\t\t<\/div>\n\t\t","protected":false},"excerpt":{"rendered":"<p>Photo Gallery 360 Panoramique Gravia abritait autrefois un Khan pour les voyageurs de passage. Le 8 mai 1821 cependant, ce Khan se mua en l\u2019un des plus forts symboles de courage, de d\u00e9termination et d\u2019abn\u00e9gation du peuple grec. Ce jour-l\u00e0, le combattant Odyss\u00e9as Androutsos et ses 118 braves utilis\u00e8rent le Khan de Gravia pour stopper [&hellip;]<\/p>\n","protected":false},"author":1,"featured_media":0,"parent":0,"menu_order":0,"comment_status":"closed","ping_status":"closed","template":"","meta":{"_vp_format_video_url":"","_vp_image_focal_point":[],"footnotes":""},"class_list":["post-1392","page","type-page","status-publish","hentry"],"_links":{"self":[{"href":"https:\/\/delphi.econtentsys.gr\/index.php\/wp-json\/wp\/v2\/pages\/1392","targetHints":{"allow":["GET"]}}],"collection":[{"href":"https:\/\/delphi.econtentsys.gr\/index.php\/wp-json\/wp\/v2\/pages"}],"about":[{"href":"https:\/\/delphi.econtentsys.gr\/index.php\/wp-json\/wp\/v2\/types\/page"}],"author":[{"embeddable":true,"href":"https:\/\/delphi.econtentsys.gr\/index.php\/wp-json\/wp\/v2\/users\/1"}],"replies":[{"embeddable":true,"href":"https:\/\/delphi.econtentsys.gr\/index.php\/wp-json\/wp\/v2\/comments?post=1392"}],"version-history":[{"count":8,"href":"https:\/\/delphi.econtentsys.gr\/index.php\/wp-json\/wp\/v2\/pages\/1392\/revisions"}],"predecessor-version":[{"id":4269,"href":"https:\/\/delphi.econtentsys.gr\/index.php\/wp-json\/wp\/v2\/pages\/1392\/revisions\/4269"}],"wp:attachment":[{"href":"https:\/\/delphi.econtentsys.gr\/index.php\/wp-json\/wp\/v2\/media?parent=1392"}],"curies":[{"name":"wp","href":"https:\/\/api.w.org\/{rel}","templated":true}]}}