{"id":1284,"date":"2023-10-08T20:00:56","date_gmt":"2023-10-08T17:00:56","guid":{"rendered":"https:\/\/delphi.econtentsys.gr\/index.php\/communaute-de-polydrosou\/"},"modified":"2023-10-18T11:42:32","modified_gmt":"2023-10-18T08:42:32","slug":"communaute-de-polydrosou","status":"publish","type":"page","link":"https:\/\/delphi.econtentsys.gr\/index.php\/communaute-de-polydrosou\/?lang=fr","title":{"rendered":"Communaut\u00e9 Polydrosso"},"content":{"rendered":"\t\t<div data-elementor-type=\"wp-page\" data-elementor-id=\"1284\" class=\"elementor elementor-1284 elementor-1275\" data-elementor-post-type=\"page\">\n\t\t\t\t\t\t\t<div class=\"elementor-element elementor-element-9827cfe e-flex e-con-boxed e-con e-parent\" data-id=\"9827cfe\" data-element_type=\"container\" data-settings=\"{&quot;content_width&quot;:&quot;boxed&quot;}\" data-core-v316-plus=\"true\">\n\t\t\t\t\t<div class=\"e-con-inner\">\n\t\t<div class=\"elementor-element elementor-element-5cc0d5a e-flex e-con-boxed e-con e-child\" data-id=\"5cc0d5a\" data-element_type=\"container\" data-settings=\"{&quot;background_background&quot;:&quot;classic&quot;,&quot;content_width&quot;:&quot;boxed&quot;}\">\n\t\t\t\t\t<div class=\"e-con-inner\">\n\t\t\t\t<div class=\"elementor-element elementor-element-8f326dd elementor-widget elementor-widget-image\" data-id=\"8f326dd\" data-element_type=\"widget\" data-widget_type=\"image.default\">\n\t\t\t\t<div class=\"elementor-widget-container\">\n\t\t\t<style>\/*! elementor - v3.16.0 - 09-10-2023 *\/\n.elementor-widget-image{text-align:center}.elementor-widget-image a{display:inline-block}.elementor-widget-image a img[src$=\".svg\"]{width:48px}.elementor-widget-image img{vertical-align:middle;display:inline-block}<\/style>\t\t\t\t\t\t\t\t\t\t\t\t<img loading=\"lazy\" decoding=\"async\" width=\"625\" height=\"269\" src=\"https:\/\/delphi.econtentsys.gr\/wp-content\/uploads\/2023\/10\/parnassos_polydrosos_1920-1024x440.webp\" class=\"attachment-large size-large wp-image-1114\" alt=\"parnassos_polydrosos_1920\" srcset=\"https:\/\/delphi.econtentsys.gr\/wp-content\/uploads\/2023\/10\/parnassos_polydrosos_1920-1024x440.webp 1024w, https:\/\/delphi.econtentsys.gr\/wp-content\/uploads\/2023\/10\/parnassos_polydrosos_1920-300x129.webp 300w, https:\/\/delphi.econtentsys.gr\/wp-content\/uploads\/2023\/10\/parnassos_polydrosos_1920-768x330.webp 768w, https:\/\/delphi.econtentsys.gr\/wp-content\/uploads\/2023\/10\/parnassos_polydrosos_1920-624x268.webp 624w, https:\/\/delphi.econtentsys.gr\/wp-content\/uploads\/2023\/10\/parnassos_polydrosos_1920.webp 1400w\" sizes=\"auto, (max-width: 625px) 100vw, 625px\" \/>\t\t\t\t\t\t\t\t\t\t\t\t\t\t\t<\/div>\n\t\t\t\t<\/div>\n\t\t\t\t<div class=\"elementor-element elementor-element-d73393b elementor-align-center elementor-widget elementor-widget-button\" data-id=\"d73393b\" data-element_type=\"widget\" data-widget_type=\"button.default\">\n\t\t\t\t<div class=\"elementor-widget-container\">\n\t\t\t\t\t<div class=\"elementor-button-wrapper\">\n\t\t\t<a class=\"elementor-button elementor-button-link elementor-size-sm\" href=\"https:\/\/delphi.econtentsys.gr\/index.php\/histoire-de-polydrososos\/?lang=fr\">\n\t\t\t\t\t\t<span class=\"elementor-button-content-wrapper\">\n\t\t\t\t\t\t<span class=\"elementor-button-text\">Histoire<\/span>\n\t\t<\/span>\n\t\t\t\t\t<\/a>\n\t\t<\/div>\n\t\t\t\t<\/div>\n\t\t\t\t<\/div>\n\t\t\t\t\t<\/div>\n\t\t\t\t<\/div>\n\t\t<div class=\"elementor-element elementor-element-f46f8e2 e-flex e-con-boxed e-con e-child\" data-id=\"f46f8e2\" data-element_type=\"container\" data-settings=\"{&quot;background_background&quot;:&quot;classic&quot;,&quot;content_width&quot;:&quot;boxed&quot;}\">\n\t\t\t\t\t<div class=\"e-con-inner\">\n\t\t\t\t<div class=\"elementor-element elementor-element-b842b0d elementor-widget elementor-widget-image\" data-id=\"b842b0d\" data-element_type=\"widget\" data-widget_type=\"image.default\">\n\t\t\t\t<div class=\"elementor-widget-container\">\n\t\t\t\t\t\t\t\t\t\t\t\t\t\t\t<img loading=\"lazy\" decoding=\"async\" width=\"625\" height=\"364\" src=\"https:\/\/delphi.econtentsys.gr\/wp-content\/uploads\/2023\/10\/parnassos_piges-kifisos_1000.webp\" class=\"attachment-large size-large wp-image-1066\" alt=\"parnassos_piges-kifisos_1000\" srcset=\"https:\/\/delphi.econtentsys.gr\/wp-content\/uploads\/2023\/10\/parnassos_piges-kifisos_1000.webp 1000w, https:\/\/delphi.econtentsys.gr\/wp-content\/uploads\/2023\/10\/parnassos_piges-kifisos_1000-300x175.webp 300w, https:\/\/delphi.econtentsys.gr\/wp-content\/uploads\/2023\/10\/parnassos_piges-kifisos_1000-768x448.webp 768w, https:\/\/delphi.econtentsys.gr\/wp-content\/uploads\/2023\/10\/parnassos_piges-kifisos_1000-624x364.webp 624w\" sizes=\"auto, (max-width: 625px) 100vw, 625px\" \/>\t\t\t\t\t\t\t\t\t\t\t\t\t\t\t<\/div>\n\t\t\t\t<\/div>\n\t\t\t\t<div class=\"elementor-element elementor-element-f8bb693 elementor-align-center elementor-widget elementor-widget-button\" data-id=\"f8bb693\" data-element_type=\"widget\" data-widget_type=\"button.default\">\n\t\t\t\t<div class=\"elementor-widget-container\">\n\t\t\t\t\t<div class=\"elementor-button-wrapper\">\n\t\t\t<a class=\"elementor-button elementor-button-link elementor-size-sm\" href=\"https:\/\/delphi.econtentsys.gr\/index.php\/sources-du-kifissos-phoceen\/?lang=fr\">\n\t\t\t\t\t\t<span class=\"elementor-button-content-wrapper\">\n\t\t\t\t\t\t<span class=\"elementor-button-text\">Sources de Fokiko Kifisos<\/span>\n\t\t<\/span>\n\t\t\t\t\t<\/a>\n\t\t<\/div>\n\t\t\t\t<\/div>\n\t\t\t\t<\/div>\n\t\t\t\t\t<\/div>\n\t\t\t\t<\/div>\n\t\t<div class=\"elementor-element elementor-element-55c7a10 e-flex e-con-boxed e-con e-child\" data-id=\"55c7a10\" data-element_type=\"container\" data-settings=\"{&quot;background_background&quot;:&quot;classic&quot;,&quot;content_width&quot;:&quot;boxed&quot;}\">\n\t\t\t\t\t<div class=\"e-con-inner\">\n\t\t\t\t<div class=\"elementor-element elementor-element-4de09d0 elementor-widget elementor-widget-image\" data-id=\"4de09d0\" data-element_type=\"widget\" data-widget_type=\"image.default\">\n\t\t\t\t<div class=\"elementor-widget-container\">\n\t\t\t\t\t\t\t\t\t\t\t\t\t\t\t<img loading=\"lazy\" decoding=\"async\" width=\"625\" height=\"469\" src=\"https:\/\/delphi.econtentsys.gr\/wp-content\/uploads\/2023\/10\/parnassos_polidrosso_dimitras_photo04-1024x768.webp\" class=\"attachment-large size-large wp-image-1084\" alt=\"parnassos_polidrosso_dimitras_photo04\" srcset=\"https:\/\/delphi.econtentsys.gr\/wp-content\/uploads\/2023\/10\/parnassos_polidrosso_dimitras_photo04-1024x768.webp 1024w, https:\/\/delphi.econtentsys.gr\/wp-content\/uploads\/2023\/10\/parnassos_polidrosso_dimitras_photo04-300x225.webp 300w, https:\/\/delphi.econtentsys.gr\/wp-content\/uploads\/2023\/10\/parnassos_polidrosso_dimitras_photo04-768x576.webp 768w, https:\/\/delphi.econtentsys.gr\/wp-content\/uploads\/2023\/10\/parnassos_polidrosso_dimitras_photo04-624x468.webp 624w, https:\/\/delphi.econtentsys.gr\/wp-content\/uploads\/2023\/10\/parnassos_polidrosso_dimitras_photo04.webp 1269w\" sizes=\"auto, (max-width: 625px) 100vw, 625px\" \/>\t\t\t\t\t\t\t\t\t\t\t\t\t\t\t<\/div>\n\t\t\t\t<\/div>\n\t\t\t\t<div class=\"elementor-element elementor-element-ad7b058 elementor-align-center elementor-widget elementor-widget-button\" data-id=\"ad7b058\" data-element_type=\"widget\" data-widget_type=\"button.default\">\n\t\t\t\t<div class=\"elementor-widget-container\">\n\t\t\t\t\t<div class=\"elementor-button-wrapper\">\n\t\t\t<a class=\"elementor-button elementor-button-link elementor-size-sm\" href=\"https:\/\/delphi.econtentsys.gr\/index.php\/sanctuaire-de-demeter-de-lancienne-erochos\/?lang=fr\">\n\t\t\t\t\t\t<span class=\"elementor-button-content-wrapper\">\n\t\t\t\t\t\t<span class=\"elementor-button-text\">Sanctuaire de D\u00e9m\u00e9ter de l'ancien Erochos<\/span>\n\t\t<\/span>\n\t\t\t\t\t<\/a>\n\t\t<\/div>\n\t\t\t\t<\/div>\n\t\t\t\t<\/div>\n\t\t\t\t\t<\/div>\n\t\t\t\t<\/div>\n\t\t<div class=\"elementor-element elementor-element-d08dd3f e-flex e-con-boxed e-con e-child\" data-id=\"d08dd3f\" data-element_type=\"container\" data-settings=\"{&quot;background_background&quot;:&quot;classic&quot;,&quot;content_width&quot;:&quot;boxed&quot;}\">\n\t\t\t\t\t<div class=\"e-con-inner\">\n\t\t\t\t<div class=\"elementor-element elementor-element-b896eeb elementor-widget elementor-widget-image\" data-id=\"b896eeb\" data-element_type=\"widget\" data-widget_type=\"image.default\">\n\t\t\t\t<div class=\"elementor-widget-container\">\n\t\t\t\t\t\t\t\t\t\t\t\t\t\t\t<img loading=\"lazy\" decoding=\"async\" width=\"625\" height=\"469\" src=\"https:\/\/delphi.econtentsys.gr\/wp-content\/uploads\/2023\/10\/parnassos_polidrosso_eroxou_photo06-1024x768.webp\" class=\"attachment-large size-large wp-image-1090\" alt=\"parnassos_polidrosso_eroxou_photo06\" srcset=\"https:\/\/delphi.econtentsys.gr\/wp-content\/uploads\/2023\/10\/parnassos_polidrosso_eroxou_photo06-1024x768.webp 1024w, https:\/\/delphi.econtentsys.gr\/wp-content\/uploads\/2023\/10\/parnassos_polidrosso_eroxou_photo06-300x225.webp 300w, https:\/\/delphi.econtentsys.gr\/wp-content\/uploads\/2023\/10\/parnassos_polidrosso_eroxou_photo06-768x576.webp 768w, https:\/\/delphi.econtentsys.gr\/wp-content\/uploads\/2023\/10\/parnassos_polidrosso_eroxou_photo06-624x468.webp 624w, https:\/\/delphi.econtentsys.gr\/wp-content\/uploads\/2023\/10\/parnassos_polidrosso_eroxou_photo06.webp 1269w\" sizes=\"auto, (max-width: 625px) 100vw, 625px\" \/>\t\t\t\t\t\t\t\t\t\t\t\t\t\t\t<\/div>\n\t\t\t\t<\/div>\n\t\t\t\t<div class=\"elementor-element elementor-element-17e0b2d elementor-align-center elementor-widget elementor-widget-button\" data-id=\"17e0b2d\" data-element_type=\"widget\" data-widget_type=\"button.default\">\n\t\t\t\t<div class=\"elementor-widget-container\">\n\t\t\t\t\t<div class=\"elementor-button-wrapper\">\n\t\t\t<a class=\"elementor-button elementor-button-link elementor-size-sm\" href=\"https:\/\/delphi.econtentsys.gr\/index.php\/acropole-et-murs-de-lancienne-erochos\/?lang=fr\">\n\t\t\t\t\t\t<span class=\"elementor-button-content-wrapper\">\n\t\t\t\t\t\t<span class=\"elementor-button-text\">Acropole et murs de l'ancien Erochos<\/span>\n\t\t<\/span>\n\t\t\t\t\t<\/a>\n\t\t<\/div>\n\t\t\t\t<\/div>\n\t\t\t\t<\/div>\n\t\t\t\t\t<\/div>\n\t\t\t\t<\/div>\n\t\t<div class=\"elementor-element elementor-element-9e66aff e-flex e-con-boxed e-con e-child\" data-id=\"9e66aff\" data-element_type=\"container\" data-settings=\"{&quot;background_background&quot;:&quot;classic&quot;,&quot;content_width&quot;:&quot;boxed&quot;}\">\n\t\t\t\t\t<div class=\"e-con-inner\">\n\t\t\t\t<div class=\"elementor-element elementor-element-9b9fb38 elementor-widget elementor-widget-image\" data-id=\"9b9fb38\" data-element_type=\"widget\" data-widget_type=\"image.default\">\n\t\t\t\t<div class=\"elementor-widget-container\">\n\t\t\t\t\t\t\t\t\t\t\t\t\t\t\t<img loading=\"lazy\" decoding=\"async\" width=\"625\" height=\"352\" src=\"https:\/\/delphi.econtentsys.gr\/wp-content\/uploads\/2023\/10\/parnassos_polidrosso_palios_photo08-1024x576.webp\" class=\"attachment-large size-large wp-image-1096\" alt=\"parnassos_polidrosso_palios_photo08\" srcset=\"https:\/\/delphi.econtentsys.gr\/wp-content\/uploads\/2023\/10\/parnassos_polidrosso_palios_photo08-1024x576.webp 1024w, https:\/\/delphi.econtentsys.gr\/wp-content\/uploads\/2023\/10\/parnassos_polidrosso_palios_photo08-300x169.webp 300w, https:\/\/delphi.econtentsys.gr\/wp-content\/uploads\/2023\/10\/parnassos_polidrosso_palios_photo08-768x432.webp 768w, https:\/\/delphi.econtentsys.gr\/wp-content\/uploads\/2023\/10\/parnassos_polidrosso_palios_photo08-624x351.webp 624w, https:\/\/delphi.econtentsys.gr\/wp-content\/uploads\/2023\/10\/parnassos_polidrosso_palios_photo08.webp 1269w\" sizes=\"auto, (max-width: 625px) 100vw, 625px\" \/>\t\t\t\t\t\t\t\t\t\t\t\t\t\t\t<\/div>\n\t\t\t\t<\/div>\n\t\t\t\t<div class=\"elementor-element elementor-element-fe34ac8 elementor-align-center elementor-widget elementor-widget-button\" data-id=\"fe34ac8\" data-element_type=\"widget\" data-widget_type=\"button.default\">\n\t\t\t\t<div class=\"elementor-widget-container\">\n\t\t\t\t\t<div class=\"elementor-button-wrapper\">\n\t\t\t<a class=\"elementor-button elementor-button-link elementor-size-sm\" href=\"https:\/\/delphi.econtentsys.gr\/index.php\/acropole-primaire-lieu-palios-en-anglais\/?lang=fr\">\n\t\t\t\t\t\t<span class=\"elementor-button-content-wrapper\">\n\t\t\t\t\t\t<span class=\"elementor-button-text\">Acropole proto-hell\u00e9nique - Site \"ANCIEN\"<\/span>\n\t\t<\/span>\n\t\t\t\t\t<\/a>\n\t\t<\/div>\n\t\t\t\t<\/div>\n\t\t\t\t<\/div>\n\t\t\t\t\t<\/div>\n\t\t\t\t<\/div>\n\t\t<div class=\"elementor-element elementor-element-854f733 e-flex e-con-boxed e-con e-child\" data-id=\"854f733\" data-element_type=\"container\" data-settings=\"{&quot;background_background&quot;:&quot;classic&quot;,&quot;content_width&quot;:&quot;boxed&quot;}\">\n\t\t\t\t\t<div class=\"e-con-inner\">\n\t\t\t\t<div class=\"elementor-element elementor-element-c1832af elementor-widget elementor-widget-image\" data-id=\"c1832af\" data-element_type=\"widget\" data-widget_type=\"image.default\">\n\t\t\t\t<div class=\"elementor-widget-container\">\n\t\t\t\t\t\t\t\t\t\t\t\t\t\t\t<img loading=\"lazy\" decoding=\"async\" width=\"625\" height=\"469\" src=\"https:\/\/delphi.econtentsys.gr\/wp-content\/uploads\/2023\/10\/polidrosso_paliagiannis_photo09-1024x768.webp\" class=\"attachment-large size-large wp-image-1144\" alt=\"polidrosso_paliagiannis_photo09\" srcset=\"https:\/\/delphi.econtentsys.gr\/wp-content\/uploads\/2023\/10\/polidrosso_paliagiannis_photo09-1024x768.webp 1024w, https:\/\/delphi.econtentsys.gr\/wp-content\/uploads\/2023\/10\/polidrosso_paliagiannis_photo09-300x225.webp 300w, https:\/\/delphi.econtentsys.gr\/wp-content\/uploads\/2023\/10\/polidrosso_paliagiannis_photo09-768x576.webp 768w, https:\/\/delphi.econtentsys.gr\/wp-content\/uploads\/2023\/10\/polidrosso_paliagiannis_photo09-624x468.webp 624w, https:\/\/delphi.econtentsys.gr\/wp-content\/uploads\/2023\/10\/polidrosso_paliagiannis_photo09.webp 1269w\" sizes=\"auto, (max-width: 625px) 100vw, 625px\" \/>\t\t\t\t\t\t\t\t\t\t\t\t\t\t\t<\/div>\n\t\t\t\t<\/div>\n\t\t\t\t<div class=\"elementor-element elementor-element-0ddef50 elementor-align-center elementor-widget elementor-widget-button\" data-id=\"0ddef50\" data-element_type=\"widget\" data-widget_type=\"button.default\">\n\t\t\t\t<div class=\"elementor-widget-container\">\n\t\t\t\t\t<div class=\"elementor-button-wrapper\">\n\t\t\t<a class=\"elementor-button elementor-button-link elementor-size-sm\" href=\"https:\/\/delphi.econtentsys.gr\/index.php\/autres-sites-archeologiques\/?lang=fr\">\n\t\t\t\t\t\t<span class=\"elementor-button-content-wrapper\">\n\t\t\t\t\t\t<span class=\"elementor-button-text\">Autres sites arch\u00e9ologiques<\/span>\n\t\t<\/span>\n\t\t\t\t\t<\/a>\n\t\t<\/div>\n\t\t\t\t<\/div>\n\t\t\t\t<\/div>\n\t\t\t\t\t<\/div>\n\t\t\t\t<\/div>\n\t\t\t\t\t<\/div>\n\t\t\t\t<\/div>\n\t\t\t\t\t\t\t<\/div>\n\t\t","protected":false},"excerpt":{"rendered":"<p>Histoire Sources de Fokiko Kifisos Sanctuaire de D\u00e9m\u00e9ter de l&#8217;ancien Erochos Acropole et murs de l&#8217;ancien Erochos Acropole proto-hell\u00e9nique &#8211; Site &#8220;ANCIEN&#8221; Autres sites arch\u00e9ologiques<\/p>\n","protected":false},"author":1,"featured_media":0,"parent":0,"menu_order":0,"comment_status":"closed","ping_status":"closed","template":"","meta":{"_vp_format_video_url":"","_vp_image_focal_point":[],"footnotes":""},"class_list":["post-1284","page","type-page","status-publish","hentry"],"_links":{"self":[{"href":"https:\/\/delphi.econtentsys.gr\/index.php\/wp-json\/wp\/v2\/pages\/1284","targetHints":{"allow":["GET"]}}],"collection":[{"href":"https:\/\/delphi.econtentsys.gr\/index.php\/wp-json\/wp\/v2\/pages"}],"about":[{"href":"https:\/\/delphi.econtentsys.gr\/index.php\/wp-json\/wp\/v2\/types\/page"}],"author":[{"embeddable":true,"href":"https:\/\/delphi.econtentsys.gr\/index.php\/wp-json\/wp\/v2\/users\/1"}],"replies":[{"embeddable":true,"href":"https:\/\/delphi.econtentsys.gr\/index.php\/wp-json\/wp\/v2\/comments?post=1284"}],"version-history":[{"count":5,"href":"https:\/\/delphi.econtentsys.gr\/index.php\/wp-json\/wp\/v2\/pages\/1284\/revisions"}],"predecessor-version":[{"id":4294,"href":"https:\/\/delphi.econtentsys.gr\/index.php\/wp-json\/wp\/v2\/pages\/1284\/revisions\/4294"}],"wp:attachment":[{"href":"https:\/\/delphi.econtentsys.gr\/index.php\/wp-json\/wp\/v2\/media?parent=1284"}],"curies":[{"name":"wp","href":"https:\/\/api.w.org\/{rel}","templated":true}]}}