{"id":1272,"date":"2023-10-08T19:59:50","date_gmt":"2023-10-08T16:59:50","guid":{"rendered":"https:\/\/delphi.econtentsys.gr\/index.php\/communaute-deptalofos-agoriani\/"},"modified":"2023-10-14T18:33:06","modified_gmt":"2023-10-14T15:33:06","slug":"communaute-deptalofos-agoriani","status":"publish","type":"page","link":"https:\/\/delphi.econtentsys.gr\/index.php\/communaute-deptalofos-agoriani\/?lang=fr","title":{"rendered":"Communaut\u00e9 Eptalofo &#8211; Agoriani"},"content":{"rendered":"\t\t<div data-elementor-type=\"wp-page\" data-elementor-id=\"1272\" class=\"elementor elementor-1272 elementor-1267\" data-elementor-post-type=\"page\">\n\t\t\t\t\t\t\t<div class=\"elementor-element elementor-element-3015fde e-flex e-con-boxed e-con e-parent\" data-id=\"3015fde\" data-element_type=\"container\" data-settings=\"{&quot;background_background&quot;:&quot;classic&quot;,&quot;content_width&quot;:&quot;boxed&quot;}\" data-core-v316-plus=\"true\">\n\t\t\t\t\t<div class=\"e-con-inner\">\n\t\t\t\t\t<\/div>\n\t\t\t\t<\/div>\n\t\t<div class=\"elementor-element elementor-element-658e5af e-flex e-con-boxed e-con e-parent\" data-id=\"658e5af\" data-element_type=\"container\" data-settings=\"{&quot;content_width&quot;:&quot;boxed&quot;}\" data-core-v316-plus=\"true\">\n\t\t\t\t\t<div class=\"e-con-inner\">\n\t\t\t\t<div class=\"elementor-element elementor-element-ecb19f2 elementor-widget-mobile__width-auto elementor-align-center elementor-widget elementor-widget-button\" data-id=\"ecb19f2\" data-element_type=\"widget\" data-widget_type=\"button.default\">\n\t\t\t\t<div class=\"elementor-widget-container\">\n\t\t\t\t\t<div class=\"elementor-button-wrapper\">\n\t\t\t<a class=\"elementor-button elementor-button-link elementor-size-sm\" href=\"https:\/\/delphi.econtentsys.gr\/index.php\/gallery-2\/%ce%ba%ce%bf%ce%b9%ce%bd%cf%8c%cf%84%ce%b7%cf%84%ce%b1-%ce%b5%cf%80%cf%84%ce%ac%ce%bb%ce%bf%cf%86%ce%bf%cf%85-%ce%b1%ce%b3%cf%8c%cf%81%ce%b9%ce%b1%ce%bd%ce%b7%cf%82-%ce%b9%cf%83%cf%84%ce%bf%cf%81\/\">\n\t\t\t\t\t\t<span class=\"elementor-button-content-wrapper\">\n\t\t\t\t\t\t<span class=\"elementor-button-text\">Photo Gallery<\/span>\n\t\t<\/span>\n\t\t\t\t\t<\/a>\n\t\t<\/div>\n\t\t\t\t<\/div>\n\t\t\t\t<\/div>\n\t\t\t\t<div class=\"elementor-element elementor-element-6262297 elementor-widget elementor-widget-text-editor\" data-id=\"6262297\" data-element_type=\"widget\" data-widget_type=\"text-editor.default\">\n\t\t\t\t<div class=\"elementor-widget-container\">\n\t\t\t<style>\/*! elementor - v3.16.0 - 09-10-2023 *\/\n.elementor-widget-text-editor.elementor-drop-cap-view-stacked .elementor-drop-cap{background-color:#69727d;color:#fff}.elementor-widget-text-editor.elementor-drop-cap-view-framed .elementor-drop-cap{color:#69727d;border:3px solid;background-color:transparent}.elementor-widget-text-editor:not(.elementor-drop-cap-view-default) .elementor-drop-cap{margin-top:8px}.elementor-widget-text-editor:not(.elementor-drop-cap-view-default) .elementor-drop-cap-letter{width:1em;height:1em}.elementor-widget-text-editor .elementor-drop-cap{float:left;text-align:center;line-height:1;font-size:50px}.elementor-widget-text-editor .elementor-drop-cap-letter{display:inline-block}<\/style>\t\t\t\t<p>Eptalofos ou Agoriani tr\u00f4ne sur la masse occidentale du Parnasse, au nord d&#8217;Arachova et \u00e0 l&#8217;est d&#8217;Amfissa et \u00e0 une altitude de 860 m\u00e8tres. <br \/>Il appartient administrativement \u00e0 la municipalit\u00e9 de Delphes et, avec Polydroso et Lilaia, forme l&#8217;unit\u00e9 municipale de Parnassos.<br \/>Le pr\u00e9nom Agoriani vient des mots Agori et au-dessus (Agoriani) en raison de la pr\u00e9sence des premiers habitants qui \u00e9taient des hommes et mont\u00e8rent dans les montagnes pour affronter les raids ennemis dans les cols, qui s&#8217;y install\u00e8rent d\u00e9finitivement.      <\/p>\n\t\t\t\t\t\t<\/div>\n\t\t\t\t<\/div>\n\t\t\t\t\t<\/div>\n\t\t\t\t<\/div>\n\t\t\t\t\t\t\t<\/div>\n\t\t","protected":false},"excerpt":{"rendered":"<p>Photo Gallery Eptalofos ou Agoriani tr\u00f4ne sur la masse occidentale du Parnasse, au nord d&#8217;Arachova et \u00e0 l&#8217;est d&#8217;Amfissa et \u00e0 une altitude de 860 m\u00e8tres. Il appartient administrativement \u00e0 la municipalit\u00e9 de Delphes et, avec Polydroso et Lilaia, forme l&#8217;unit\u00e9 municipale de Parnassos.Le pr\u00e9nom Agoriani vient des mots Agori et au-dessus (Agoriani) en raison [&hellip;]<\/p>\n","protected":false},"author":1,"featured_media":0,"parent":0,"menu_order":0,"comment_status":"closed","ping_status":"closed","template":"","meta":{"_vp_format_video_url":"","_vp_image_focal_point":[],"footnotes":""},"class_list":["post-1272","page","type-page","status-publish","hentry"],"_links":{"self":[{"href":"https:\/\/delphi.econtentsys.gr\/index.php\/wp-json\/wp\/v2\/pages\/1272","targetHints":{"allow":["GET"]}}],"collection":[{"href":"https:\/\/delphi.econtentsys.gr\/index.php\/wp-json\/wp\/v2\/pages"}],"about":[{"href":"https:\/\/delphi.econtentsys.gr\/index.php\/wp-json\/wp\/v2\/types\/page"}],"author":[{"embeddable":true,"href":"https:\/\/delphi.econtentsys.gr\/index.php\/wp-json\/wp\/v2\/users\/1"}],"replies":[{"embeddable":true,"href":"https:\/\/delphi.econtentsys.gr\/index.php\/wp-json\/wp\/v2\/comments?post=1272"}],"version-history":[{"count":6,"href":"https:\/\/delphi.econtentsys.gr\/index.php\/wp-json\/wp\/v2\/pages\/1272\/revisions"}],"predecessor-version":[{"id":3776,"href":"https:\/\/delphi.econtentsys.gr\/index.php\/wp-json\/wp\/v2\/pages\/1272\/revisions\/3776"}],"wp:attachment":[{"href":"https:\/\/delphi.econtentsys.gr\/index.php\/wp-json\/wp\/v2\/media?parent=1272"}],"curies":[{"name":"wp","href":"https:\/\/api.w.org\/{rel}","templated":true}]}}