{"id":1246,"date":"2023-10-08T19:57:40","date_gmt":"2023-10-08T16:57:40","guid":{"rendered":"https:\/\/delphi.econtentsys.gr\/index.php\/communaute-de-kastellia\/"},"modified":"2023-10-18T11:40:26","modified_gmt":"2023-10-18T08:40:26","slug":"communaute-de-kastellia","status":"publish","type":"page","link":"https:\/\/delphi.econtentsys.gr\/index.php\/communaute-de-kastellia\/?lang=fr","title":{"rendered":"Communaut\u00e9 Kastellia"},"content":{"rendered":"\t\t<div data-elementor-type=\"wp-page\" data-elementor-id=\"1246\" class=\"elementor elementor-1246 elementor-1237\" data-elementor-post-type=\"page\">\n\t\t\t\t\t\t\t<div class=\"elementor-element elementor-element-cbb1d3f e-flex e-con-boxed e-con e-parent\" data-id=\"cbb1d3f\" data-element_type=\"container\" data-settings=\"{&quot;background_background&quot;:&quot;classic&quot;,&quot;content_width&quot;:&quot;boxed&quot;}\" data-core-v316-plus=\"true\">\n\t\t\t\t\t<div class=\"e-con-inner\">\n\t\t\t\t\t<\/div>\n\t\t\t\t<\/div>\n\t\t<div class=\"elementor-element elementor-element-7524cc1 e-flex e-con-boxed e-con e-parent\" data-id=\"7524cc1\" data-element_type=\"container\" data-settings=\"{&quot;content_width&quot;:&quot;boxed&quot;}\" data-core-v316-plus=\"true\">\n\t\t\t\t\t<div class=\"e-con-inner\">\n\t\t\t\t<div class=\"elementor-element elementor-element-908b4d8 elementor-widget-mobile__width-auto elementor-align-center elementor-widget elementor-widget-button\" data-id=\"908b4d8\" data-element_type=\"widget\" data-widget_type=\"button.default\">\n\t\t\t\t<div class=\"elementor-widget-container\">\n\t\t\t\t\t<div class=\"elementor-button-wrapper\">\n\t\t\t<a class=\"elementor-button elementor-button-link elementor-size-sm\" href=\"https:\/\/delphi.econtentsys.gr\/index.php\/portfolio\/%ce%ba%ce%bf%ce%b9%ce%bd%cf%8c%cf%84%ce%b7%cf%84%ce%b1-%ce%ba%ce%b1%cf%83%cf%84%ce%b5%ce%bb%ce%bb%ce%af%cf%89%ce%bd\/\">\n\t\t\t\t\t\t<span class=\"elementor-button-content-wrapper\">\n\t\t\t\t\t\t<span class=\"elementor-button-text\">Photo Gallery<\/span>\n\t\t<\/span>\n\t\t\t\t\t<\/a>\n\t\t<\/div>\n\t\t\t\t<\/div>\n\t\t\t\t<\/div>\n\t\t\t\t<div class=\"elementor-element elementor-element-771a6b0 elementor-widget elementor-widget-text-editor\" data-id=\"771a6b0\" data-element_type=\"widget\" data-widget_type=\"text-editor.default\">\n\t\t\t\t<div class=\"elementor-widget-container\">\n\t\t\t<style>\/*! elementor - v3.16.0 - 09-10-2023 *\/\n.elementor-widget-text-editor.elementor-drop-cap-view-stacked .elementor-drop-cap{background-color:#69727d;color:#fff}.elementor-widget-text-editor.elementor-drop-cap-view-framed .elementor-drop-cap{color:#69727d;border:3px solid;background-color:transparent}.elementor-widget-text-editor:not(.elementor-drop-cap-view-default) .elementor-drop-cap{margin-top:8px}.elementor-widget-text-editor:not(.elementor-drop-cap-view-default) .elementor-drop-cap-letter{width:1em;height:1em}.elementor-widget-text-editor .elementor-drop-cap{float:left;text-align:center;line-height:1;font-size:50px}.elementor-widget-text-editor .elementor-drop-cap-letter{display:inline-block}<\/style>\t\t\t\t<p>Centre antique de la cit\u00e9 dorique de T\u00e9trapolis, \u00e0 tout juste 5mn de Gravia, 40mn d\u2019Amfissa et 60mn de Delphes.  <br \/>Les jardins, la configuration g\u00e9ophysique et la beaut\u00e9 du paysage de Kastellia justifient amplement que vous le visitiez pour une promenade. <br \/>. <\/p>\n\t\t\t\t\t\t<\/div>\n\t\t\t\t<\/div>\n\t\t\t\t\t<\/div>\n\t\t\t\t<\/div>\n\t\t\t\t\t\t\t<\/div>\n\t\t","protected":false},"excerpt":{"rendered":"<p>Photo Gallery Centre antique de la cit\u00e9 dorique de T\u00e9trapolis, \u00e0 tout juste 5mn de Gravia, 40mn d\u2019Amfissa et 60mn de Delphes. Les jardins, la configuration g\u00e9ophysique et la beaut\u00e9 du paysage de Kastellia justifient amplement que vous le visitiez pour une promenade. .<\/p>\n","protected":false},"author":1,"featured_media":0,"parent":0,"menu_order":0,"comment_status":"closed","ping_status":"closed","template":"","meta":{"_vp_format_video_url":"","_vp_image_focal_point":[],"footnotes":""},"class_list":["post-1246","page","type-page","status-publish","hentry"],"_links":{"self":[{"href":"https:\/\/delphi.econtentsys.gr\/index.php\/wp-json\/wp\/v2\/pages\/1246","targetHints":{"allow":["GET"]}}],"collection":[{"href":"https:\/\/delphi.econtentsys.gr\/index.php\/wp-json\/wp\/v2\/pages"}],"about":[{"href":"https:\/\/delphi.econtentsys.gr\/index.php\/wp-json\/wp\/v2\/types\/page"}],"author":[{"embeddable":true,"href":"https:\/\/delphi.econtentsys.gr\/index.php\/wp-json\/wp\/v2\/users\/1"}],"replies":[{"embeddable":true,"href":"https:\/\/delphi.econtentsys.gr\/index.php\/wp-json\/wp\/v2\/comments?post=1246"}],"version-history":[{"count":9,"href":"https:\/\/delphi.econtentsys.gr\/index.php\/wp-json\/wp\/v2\/pages\/1246\/revisions"}],"predecessor-version":[{"id":4287,"href":"https:\/\/delphi.econtentsys.gr\/index.php\/wp-json\/wp\/v2\/pages\/1246\/revisions\/4287"}],"wp:attachment":[{"href":"https:\/\/delphi.econtentsys.gr\/index.php\/wp-json\/wp\/v2\/media?parent=1246"}],"curies":[{"name":"wp","href":"https:\/\/api.w.org\/{rel}","templated":true}]}}