{"id":1240,"date":"2023-10-08T19:57:13","date_gmt":"2023-10-08T16:57:13","guid":{"rendered":"https:\/\/delphi.econtentsys.gr\/index.php\/communaute-de-kaloskopi\/"},"modified":"2023-10-18T11:40:20","modified_gmt":"2023-10-18T08:40:20","slug":"communaute-de-kaloskopi","status":"publish","type":"page","link":"https:\/\/delphi.econtentsys.gr\/index.php\/communaute-de-kaloskopi\/?lang=fr","title":{"rendered":"Communaut\u00e9 Kaloskopi"},"content":{"rendered":"\t\t<div data-elementor-type=\"wp-page\" data-elementor-id=\"1240\" class=\"elementor elementor-1240 elementor-1231\" data-elementor-post-type=\"page\">\n\t\t\t\t\t\t\t<div class=\"elementor-element elementor-element-8ae43fa e-flex e-con-boxed e-con e-parent\" data-id=\"8ae43fa\" data-element_type=\"container\" data-settings=\"{&quot;background_background&quot;:&quot;classic&quot;,&quot;content_width&quot;:&quot;boxed&quot;}\" data-core-v316-plus=\"true\">\n\t\t\t\t\t<div class=\"e-con-inner\">\n\t\t\t\t\t<\/div>\n\t\t\t\t<\/div>\n\t\t<div class=\"elementor-element elementor-element-4b621ad e-flex e-con-boxed e-con e-parent\" data-id=\"4b621ad\" data-element_type=\"container\" data-settings=\"{&quot;content_width&quot;:&quot;boxed&quot;}\" data-core-v316-plus=\"true\">\n\t\t\t\t\t<div class=\"e-con-inner\">\n\t\t\t\t<div class=\"elementor-element elementor-element-5eabcf8 elementor-widget-mobile__width-auto elementor-align-center elementor-widget elementor-widget-button\" data-id=\"5eabcf8\" data-element_type=\"widget\" data-widget_type=\"button.default\">\n\t\t\t\t<div class=\"elementor-widget-container\">\n\t\t\t\t\t<div class=\"elementor-button-wrapper\">\n\t\t\t<a class=\"elementor-button elementor-button-link elementor-size-sm\" href=\"https:\/\/delphi.econtentsys.gr\/index.php\/portfolio\/%ce%ba%ce%bf%ce%b9%ce%bd%cf%8c%cf%84%ce%b7%cf%84%ce%b1-%ce%ba%ce%b1%ce%bb%ce%bf%cf%83%ce%ba%ce%bf%cf%80%ce%ae%cf%82\/\">\n\t\t\t\t\t\t<span class=\"elementor-button-content-wrapper\">\n\t\t\t\t\t\t<span class=\"elementor-button-text\">Photo Gallery<\/span>\n\t\t<\/span>\n\t\t\t\t\t<\/a>\n\t\t<\/div>\n\t\t\t\t<\/div>\n\t\t\t\t<\/div>\n\t\t\t\t<div class=\"elementor-element elementor-element-8065ffe elementor-widget elementor-widget-text-editor\" data-id=\"8065ffe\" data-element_type=\"widget\" data-widget_type=\"text-editor.default\">\n\t\t\t\t<div class=\"elementor-widget-container\">\n\t\t\t<style>\/*! elementor - v3.16.0 - 09-10-2023 *\/\n.elementor-widget-text-editor.elementor-drop-cap-view-stacked .elementor-drop-cap{background-color:#69727d;color:#fff}.elementor-widget-text-editor.elementor-drop-cap-view-framed .elementor-drop-cap{color:#69727d;border:3px solid;background-color:transparent}.elementor-widget-text-editor:not(.elementor-drop-cap-view-default) .elementor-drop-cap{margin-top:8px}.elementor-widget-text-editor:not(.elementor-drop-cap-view-default) .elementor-drop-cap-letter{width:1em;height:1em}.elementor-widget-text-editor .elementor-drop-cap{float:left;text-align:center;line-height:1;font-size:50px}.elementor-widget-text-editor .elementor-drop-cap-letter{display:inline-block}<\/style>\t\t\t\t<p>Le village est \u00e9galement connu sous le nom de \u00ab balcon du Ghiona \u00bb, sur les pentes septentrionales du Mont. Ce pittoresque village, baignant dans une v\u00e9g\u00e9tation splendide, riche d\u2019une collection folklorique unique, constitue le point de d\u00e9part de parcours de randonn\u00e9e ;  <br \/>il accueille chaque ann\u00e9e le grand festival musical d\u2019\u00e9t\u00e9 des \u00ab Sons des Bois \u00bb. (60mn de Delphes, 40mn d\u2019Amfissa, 20mn de Gravia)    <br \/>.<br \/>. <\/p>\n\t\t\t\t\t\t<\/div>\n\t\t\t\t<\/div>\n\t\t\t\t\t<\/div>\n\t\t\t\t<\/div>\n\t\t\t\t\t\t\t<\/div>\n\t\t","protected":false},"excerpt":{"rendered":"<p>Photo Gallery Le village est \u00e9galement connu sous le nom de \u00ab balcon du Ghiona \u00bb, sur les pentes septentrionales du Mont. Ce pittoresque village, baignant dans une v\u00e9g\u00e9tation splendide, riche d\u2019une collection folklorique unique, constitue le point de d\u00e9part de parcours de randonn\u00e9e ; il accueille chaque ann\u00e9e le grand festival musical d\u2019\u00e9t\u00e9 des [&hellip;]<\/p>\n","protected":false},"author":1,"featured_media":0,"parent":0,"menu_order":0,"comment_status":"closed","ping_status":"closed","template":"","meta":{"_vp_format_video_url":"","_vp_image_focal_point":[],"footnotes":""},"class_list":["post-1240","page","type-page","status-publish","hentry"],"_links":{"self":[{"href":"https:\/\/delphi.econtentsys.gr\/index.php\/wp-json\/wp\/v2\/pages\/1240","targetHints":{"allow":["GET"]}}],"collection":[{"href":"https:\/\/delphi.econtentsys.gr\/index.php\/wp-json\/wp\/v2\/pages"}],"about":[{"href":"https:\/\/delphi.econtentsys.gr\/index.php\/wp-json\/wp\/v2\/types\/page"}],"author":[{"embeddable":true,"href":"https:\/\/delphi.econtentsys.gr\/index.php\/wp-json\/wp\/v2\/users\/1"}],"replies":[{"embeddable":true,"href":"https:\/\/delphi.econtentsys.gr\/index.php\/wp-json\/wp\/v2\/comments?post=1240"}],"version-history":[{"count":11,"href":"https:\/\/delphi.econtentsys.gr\/index.php\/wp-json\/wp\/v2\/pages\/1240\/revisions"}],"predecessor-version":[{"id":4283,"href":"https:\/\/delphi.econtentsys.gr\/index.php\/wp-json\/wp\/v2\/pages\/1240\/revisions\/4283"}],"wp:attachment":[{"href":"https:\/\/delphi.econtentsys.gr\/index.php\/wp-json\/wp\/v2\/media?parent=1240"}],"curies":[{"name":"wp","href":"https:\/\/api.w.org\/{rel}","templated":true}]}}